{"id":17675,"date":"2026-04-07T14:08:07","date_gmt":"2026-04-07T12:08:07","guid":{"rendered":"https:\/\/thecamelia-bijoux.com\/?post_type=product&#038;p=17675"},"modified":"2026-04-10T15:57:44","modified_gmt":"2026-04-10T13:57:44","slug":"collier-oualidia","status":"publish","type":"product","link":"https:\/\/thecamelia-bijoux.com\/en\/product\/collier-oualidia\/","title":{"rendered":"Collier Oualidia"},"content":{"rendered":"<div data-elementor-type=\"wp-post\" data-elementor-id=\"17675\" class=\"elementor elementor-17675\">\n\t\t\t\t\t\t<section class=\"elementor-section elementor-top-section elementor-element elementor-element-3a5d7dce elementor-section-boxed elementor-section-height-default elementor-section-height-default\" data-id=\"3a5d7dce\" data-element_type=\"section\" data-e-type=\"section\">\n\t\t\t\t\t\t<div class=\"elementor-container elementor-column-gap-default\">\n\t\t\t\t\t<div class=\"elementor-column elementor-col-100 elementor-top-column elementor-element elementor-element-66321276\" data-id=\"66321276\" data-element_type=\"column\" data-e-type=\"column\">\n\t\t\t<div class=\"elementor-widget-wrap elementor-element-populated\">\n\t\t\t\t\t\t<div class=\"elementor-element elementor-element-ae0d090 elementor-widget elementor-widget-text-editor\" data-id=\"ae0d090\" data-element_type=\"widget\" data-e-type=\"widget\" data-widget_type=\"text-editor.default\">\n\t\t\t\t<div class=\"elementor-widget-container\">\n\t\t\t\t\t\t\t\t\t<p style=\"font-size: 15px; font-style: normal; color: #01776b; font-family: Montserrat, sans-serif; text-align: justify;\">The&nbsp;<span style=\"font-weight: bold;\">collier Oualidia&nbsp;<\/span>est compos\u00e9 d&rsquo;une cha\u00eene mi-longue et&nbsp;d&rsquo;un pendentif d\u00e9coup\u00e9<span style=\"font-size: 15px; font-style: normal; font-weight: 400;\">&nbsp;orn\u00e9 d\u2019une broderie de F\u00e8s tr\u00e8s travaill\u00e9e.<\/span>&nbsp;Dor\u00e9 \u00e0 l\u2019or fin 24 carats, ce collier est orn\u00e9 d&rsquo;une&nbsp;<span style=\"font-weight: bold; font-size: 15px;\">broderie identique des deux c\u00f4t\u00e9s <\/span><span style=\"font-size: 15px;\">et r\u00e9alis\u00e9e \u00e0 la main<\/span>&nbsp;en fil de coton. Peu importe si votre collier se retourne puisqu&rsquo;il est scrupuleusement identique des deux c\u00f4t\u00e9s gr\u00e2ce \u00e0 la <b>magie de la broderie de F\u00e8s<\/b>. Ce collier mi-long avec son pendentif \u00e0 la forme originale rappelant les croix berb\u00e8res sublimera toutes vos tenues cet \u00e9t\u00e9! Il ne vous reste plus qu&rsquo;\u00e0 choisir la couleur.<\/p>\n<p style=\"font-size: 15px; font-style: normal; color: #01776b; font-family: Montserrat, sans-serif; text-align: justify;\"><span style=\"font-size: 15px; font-style: normal; font-weight: 400; color: rgba(1,119,107,var(--O42jJQ,1)); caret-color: rgb(1, 119, 107); --Ys-XuQ: none; font-kerning: none;\">Nomm\u00e9 <\/span><span style=\"font-size: 15px; font-style: normal; color: rgba(1,119,107,var(--O42jJQ,1)); caret-color: rgb(1, 119, 107); --Ys-XuQ: none; font-weight: 700; font-kerning: none;\">Oualidia<\/span><span style=\"font-size: 15px; font-style: normal; font-weight: 400; color: rgba(1,119,107,var(--O42jJQ,1)); caret-color: rgb(1, 119, 107); --Ys-XuQ: none; font-kerning: none;\">, ce collier fait r\u00e9f\u00e9rence \u00e0 la ville c\u00f4ti\u00e8re connue pour sa lagune et son atmosph\u00e8re paisible face \u00e0 l\u2019Atlantique.<\/span><\/p>\n<ul style=\"text-align: justify;\">\n<li style=\"color: #01776b; font-family: Montserrat, sans-serif; font-size: 15px; font-style: normal;\" class=\"translation-block\">Brass necklace gilded with fine gold and embroidered with cotton thread<\/li>\n<li style=\"font-size: 15px; font-style: normal; color: #01776b; font-family: Montserrat, sans-serif;\">48 cm long necklace + 3.5 cm extender chain<\/li>\n<li style=\"color: #01776b; font-family: Montserrat, sans-serif; font-size: 15px; font-style: normal;\">Dimensions du pendentif :&nbsp;<span style=\"font-size: 15px; font-style: normal; font-weight: 400;\">4,7 cm de long et 2,1 cm de largeur (au plus large)<\/span><\/li>\n<li style=\"font-size: 15px; font-style: normal; color: #01776b; font-family: Montserrat, sans-serif;\">Identical embroidery on both sides<\/li>\n<li style=\"font-size: 15px; font-style: normal; color: #01776b; font-family: Montserrat, sans-serif;\">8 mm charm with engraved logo on the extension chain<\/li>\n<li style=\"font-size: 15px; font-style: normal; font-weight: 400; color: #01776b; font-family: Montserrat, sans-serif;\">Available in 4 colors<\/li>\n<li style=\"color: #01776b; font-family: Montserrat, sans-serif; font-size: 15px; font-style: normal; font-weight: 400;\">Drawn, gilded and embroidered in&nbsp;<span style=\"font-size: 15px; font-weight: bold;\">FRANCE<\/span>&nbsp;<span style=\"font-size: 15px; font-style: normal; font-weight: 400;\">or<\/span><span style=\"font-size: 15px; font-style: normal; font-weight: bold;\">&nbsp;GERMANY&nbsp;<\/span><span style=\"font-size: 15px; font-style: normal; font-weight: 400;\">(depending on where I am when I embroider your order)<\/span><\/li>\n<li style=\"color: #01776b; font-family: Montserrat, sans-serif; font-size: 15px; font-style: normal;\" class=\"translation-block\">Necklace delivered in its box with the brands logo<\/li>\n<\/ul>\n<div style=\"text-align: justify;\"><i style=\"color: #01776b; font-family: Montserrat, sans-serif;\">Each piece of jewelry is unique and may therefore vary slightly from the photos.<br><\/i><\/div>\n<div style=\"text-align: justify;\"><span style=\"color: #01776b; font-family: Montserrat, sans-serif;\">&nbsp;<\/span><\/div>\n<p style=\"font-size: 15px; font-style: normal; font-weight: 400; color: #01776b; font-family: Montserrat, sans-serif; text-align: justify;\"><span style=\"font-size: 15px; font-weight: bold;\">If the proposed colors do not suit you, I can  embroider this necklace in the color of your choice.<\/span>&nbsp;Do not hesitate to contact me&nbsp;<a style=\"font-size: 15px; background-color: #ffe5d7;\" href=\"https:\/\/thecamelia-bijoux.com\/en\/contact\/\" target=\"_blank\" rel=\"noopener\"><u>by clicking there<\/u><\/a>.<\/p>\n<p style=\"font-size: 15px; font-style: normal; font-weight: 400; color: #01776b; font-family: Montserrat, sans-serif; text-align: justify;\">If you have any questions about this model, do not hesitate to contact me!&nbsp;<\/p>\t\t\t\t\t\t\t\t<\/div>\n\t\t\t\t<\/div>\n\t\t\t\t\t<\/div>\n\t\t<\/div>\n\t\t\t\t\t<\/div>\n\t\t<\/section>\n\t\t\t\t<\/div>","protected":false},"excerpt":{"rendered":"<p>Necklace gilded with fine gold and embroidered with cotton yarn.<br \/>\n<strong>\u2193 Detailed description below \u2193<\/strong><\/p>","protected":false},"featured_media":17683,"template":"","meta":{"site-sidebar-layout":"default","site-content-layout":"default","ast-site-content-layout":"default","site-content-style":"default","site-sidebar-style":"default","ast-global-header-display":"","ast-banner-title-visibility":"","ast-main-header-display":"","ast-hfb-above-header-display":"","ast-hfb-below-header-display":"","ast-hfb-mobile-header-display":"","site-post-title":"","ast-breadcrumbs-content":"","ast-featured-img":"","footer-sml-layout":"","ast-disable-related-posts":"","theme-transparent-header-meta":"default","adv-header-id-meta":"","stick-header-meta":"","header-above-stick-meta":"","header-main-stick-meta":"","header-below-stick-meta":"","astra-migrate-meta-layouts":"set","ast-page-background-enabled":"default","ast-page-background-meta":{"desktop":{"background-color":"","background-image":"","background-repeat":"repeat","background-position":"center center","background-size":"auto","background-attachment":"scroll","background-type":"","background-media":"","overlay-type":"","overlay-color":"","overlay-opacity":"","overlay-gradient":""},"tablet":{"background-color":"","background-image":"","background-repeat":"repeat","background-position":"center center","background-size":"auto","background-attachment":"scroll","background-type":"","background-media":"","overlay-type":"","overlay-color":"","overlay-opacity":"","overlay-gradient":""},"mobile":{"background-color":"","background-image":"","background-repeat":"repeat","background-position":"center center","background-size":"auto","background-attachment":"scroll","background-type":"","background-media":"","overlay-type":"","overlay-color":"","overlay-opacity":"","overlay-gradient":""}},"ast-content-background-meta":{"desktop":{"background-color":"var(--ast-global-color-5)","background-image":"","background-repeat":"repeat","background-position":"center center","background-size":"auto","background-attachment":"scroll","background-type":"","background-media":"","overlay-type":"","overlay-color":"","overlay-opacity":"","overlay-gradient":""},"tablet":{"background-color":"var(--ast-global-color-5)","background-image":"","background-repeat":"repeat","background-position":"center center","background-size":"auto","background-attachment":"scroll","background-type":"","background-media":"","overlay-type":"","overlay-color":"","overlay-opacity":"","overlay-gradient":""},"mobile":{"background-color":"var(--ast-global-color-5)","background-image":"","background-repeat":"repeat","background-position":"center center","background-size":"auto","background-attachment":"scroll","background-type":"","background-media":"","overlay-type":"","overlay-color":"","overlay-opacity":"","overlay-gradient":""}},"jetpack_post_was_ever_published":true},"product_brand":[],"product_cat":[16],"product_tag":[],"class_list":{"0":"post-17675","1":"product","2":"type-product","3":"status-publish","4":"has-post-thumbnail","6":"product_cat-colliers","7":"desktop-align-left","8":"tablet-align-left","9":"mobile-align-left","11":"first","12":"instock","13":"purchasable","14":"product-type-variable"},"yoast_head":"<!-- This site is optimized with the Yoast SEO plugin v27.3 - https:\/\/yoast.com\/product\/yoast-seo-wordpress\/ -->\n<title>Collier Oualidia - The Camelia bijoux<\/title>\n<meta name=\"description\" content=\"Collier Oualidia brod\u00e9 par The Camelia bijoux. Collier brod\u00e9 long inspir\u00e9 de l&#039;artisanat marocain et fait \u00e0 la main en France.\" \/>\n<meta name=\"robots\" content=\"index, follow, max-snippet:-1, max-image-preview:large, max-video-preview:-1\" \/>\n<link rel=\"canonical\" href=\"https:\/\/thecamelia-bijoux.com\/en\/product\/collier-oualidia\/\" \/>\n<meta property=\"og:locale\" content=\"en_GB\" \/>\n<meta property=\"og:type\" content=\"article\" \/>\n<meta property=\"og:title\" content=\"Collier Oualidia - The Camelia bijoux\" \/>\n<meta property=\"og:description\" content=\"Collier Oualidia brod\u00e9 par The Camelia bijoux. Collier brod\u00e9 long inspir\u00e9 de l&#039;artisanat marocain et fait \u00e0 la main en France.\" \/>\n<meta property=\"og:url\" content=\"https:\/\/thecamelia-bijoux.com\/en\/product\/collier-oualidia\/\" \/>\n<meta property=\"og:site_name\" content=\"The Camelia bijoux\" \/>\n<meta property=\"article:modified_time\" content=\"2026-04-10T13:57:44+00:00\" \/>\n<meta property=\"og:image\" content=\"https:\/\/thecamelia-bijoux.com\/wp-content\/uploads\/2026\/04\/Collier-Oualidia-4-couleurs.png\" \/>\n\t<meta property=\"og:image:width\" content=\"1300\" \/>\n\t<meta property=\"og:image:height\" content=\"1300\" \/>\n\t<meta property=\"og:image:type\" content=\"image\/png\" \/>\n<meta name=\"twitter:card\" content=\"summary_large_image\" \/>\n<meta name=\"twitter:label1\" content=\"Estimated reading time\" \/>\n\t<meta name=\"twitter:data1\" content=\"2 minutes\" \/>\n<script type=\"application\/ld+json\" class=\"yoast-schema-graph\">{\"@context\":\"https:\\\/\\\/schema.org\",\"@graph\":[{\"@type\":\"WebPage\",\"@id\":\"https:\\\/\\\/thecamelia-bijoux.com\\\/produit\\\/collier-oualidia\\\/\",\"url\":\"https:\\\/\\\/thecamelia-bijoux.com\\\/produit\\\/collier-oualidia\\\/\",\"name\":\"Collier Oualidia - The Camelia bijoux\",\"isPartOf\":{\"@id\":\"https:\\\/\\\/thecamelia-bijoux.com\\\/#website\"},\"primaryImageOfPage\":{\"@id\":\"https:\\\/\\\/thecamelia-bijoux.com\\\/produit\\\/collier-oualidia\\\/#primaryimage\"},\"image\":{\"@id\":\"https:\\\/\\\/thecamelia-bijoux.com\\\/produit\\\/collier-oualidia\\\/#primaryimage\"},\"thumbnailUrl\":\"https:\\\/\\\/i0.wp.com\\\/thecamelia-bijoux.com\\\/wp-content\\\/uploads\\\/2026\\\/04\\\/Collier-Oualidia-4-couleurs.png?fit=1300%2C1300&ssl=1\",\"datePublished\":\"2026-04-07T12:08:07+00:00\",\"dateModified\":\"2026-04-10T13:57:44+00:00\",\"description\":\"Collier Oualidia brod\u00e9 par The Camelia bijoux. Collier brod\u00e9 long inspir\u00e9 de l'artisanat marocain et fait \u00e0 la main en France.\",\"breadcrumb\":{\"@id\":\"https:\\\/\\\/thecamelia-bijoux.com\\\/produit\\\/collier-oualidia\\\/#breadcrumb\"},\"inLanguage\":\"en-GB\",\"potentialAction\":[{\"@type\":\"ReadAction\",\"target\":[\"https:\\\/\\\/thecamelia-bijoux.com\\\/produit\\\/collier-oualidia\\\/\"]}]},{\"@type\":\"ImageObject\",\"inLanguage\":\"en-GB\",\"@id\":\"https:\\\/\\\/thecamelia-bijoux.com\\\/produit\\\/collier-oualidia\\\/#primaryimage\",\"url\":\"https:\\\/\\\/i0.wp.com\\\/thecamelia-bijoux.com\\\/wp-content\\\/uploads\\\/2026\\\/04\\\/Collier-Oualidia-4-couleurs.png?fit=1300%2C1300&ssl=1\",\"contentUrl\":\"https:\\\/\\\/i0.wp.com\\\/thecamelia-bijoux.com\\\/wp-content\\\/uploads\\\/2026\\\/04\\\/Collier-Oualidia-4-couleurs.png?fit=1300%2C1300&ssl=1\",\"width\":1300,\"height\":1300},{\"@type\":\"BreadcrumbList\",\"@id\":\"https:\\\/\\\/thecamelia-bijoux.com\\\/produit\\\/collier-oualidia\\\/#breadcrumb\",\"itemListElement\":[{\"@type\":\"ListItem\",\"position\":1,\"name\":\"Accueil\",\"item\":\"https:\\\/\\\/thecamelia-bijoux.com\\\/\"},{\"@type\":\"ListItem\",\"position\":2,\"name\":\"E-shop\",\"item\":\"https:\\\/\\\/thecamelia-bijoux.com\\\/eshop\\\/\"},{\"@type\":\"ListItem\",\"position\":3,\"name\":\"Collier Oualidia\"}]},{\"@type\":\"WebSite\",\"@id\":\"https:\\\/\\\/thecamelia-bijoux.com\\\/#website\",\"url\":\"https:\\\/\\\/thecamelia-bijoux.com\\\/\",\"name\":\"The Camelia bijoux\",\"description\":\"Bijoux brod\u00e9s \u00e0 la main inspir\u00e9s du Maroc\",\"publisher\":{\"@id\":\"https:\\\/\\\/thecamelia-bijoux.com\\\/#organization\"},\"potentialAction\":[{\"@type\":\"SearchAction\",\"target\":{\"@type\":\"EntryPoint\",\"urlTemplate\":\"https:\\\/\\\/thecamelia-bijoux.com\\\/?s={search_term_string}\"},\"query-input\":{\"@type\":\"PropertyValueSpecification\",\"valueRequired\":true,\"valueName\":\"search_term_string\"}}],\"inLanguage\":\"en-GB\"},{\"@type\":\"Organization\",\"@id\":\"https:\\\/\\\/thecamelia-bijoux.com\\\/#organization\",\"name\":\"The Camelia bijoux\",\"url\":\"https:\\\/\\\/thecamelia-bijoux.com\\\/\",\"logo\":{\"@type\":\"ImageObject\",\"inLanguage\":\"en-GB\",\"@id\":\"https:\\\/\\\/thecamelia-bijoux.com\\\/#\\\/schema\\\/logo\\\/image\\\/\",\"url\":\"https:\\\/\\\/i0.wp.com\\\/thecamelia-bijoux.com\\\/wp-content\\\/uploads\\\/2019\\\/02\\\/test-logo-bleu.png?fit=227%2C108&ssl=1\",\"contentUrl\":\"https:\\\/\\\/i0.wp.com\\\/thecamelia-bijoux.com\\\/wp-content\\\/uploads\\\/2019\\\/02\\\/test-logo-bleu.png?fit=227%2C108&ssl=1\",\"width\":227,\"height\":108,\"caption\":\"The Camelia bijoux\"},\"image\":{\"@id\":\"https:\\\/\\\/thecamelia-bijoux.com\\\/#\\\/schema\\\/logo\\\/image\\\/\"}}]}<\/script>\n<!-- \/ Yoast SEO plugin. -->","yoast_head_json":{"title":"Collier Oualidia - The Camelia bijoux","description":"Collier Oualidia brod\u00e9 par The Camelia bijoux. Collier brod\u00e9 long inspir\u00e9 de l'artisanat marocain et fait \u00e0 la main en France.","robots":{"index":"index","follow":"follow","max-snippet":"max-snippet:-1","max-image-preview":"max-image-preview:large","max-video-preview":"max-video-preview:-1"},"canonical":"https:\/\/thecamelia-bijoux.com\/en\/product\/collier-oualidia\/","og_locale":"en_GB","og_type":"article","og_title":"Collier Oualidia - The Camelia bijoux","og_description":"Collier Oualidia brod\u00e9 par The Camelia bijoux. Collier brod\u00e9 long inspir\u00e9 de l'artisanat marocain et fait \u00e0 la main en France.","og_url":"https:\/\/thecamelia-bijoux.com\/en\/product\/collier-oualidia\/","og_site_name":"The Camelia bijoux","article_modified_time":"2026-04-10T13:57:44+00:00","og_image":[{"width":1300,"height":1300,"url":"https:\/\/thecamelia-bijoux.com\/wp-content\/uploads\/2026\/04\/Collier-Oualidia-4-couleurs.png","type":"image\/png"}],"twitter_card":"summary_large_image","twitter_misc":{"Estimated reading time":"2 minutes"},"schema":{"@context":"https:\/\/schema.org","@graph":[{"@type":"WebPage","@id":"https:\/\/thecamelia-bijoux.com\/produit\/collier-oualidia\/","url":"https:\/\/thecamelia-bijoux.com\/produit\/collier-oualidia\/","name":"Collier Oualidia - The Camelia bijoux","isPartOf":{"@id":"https:\/\/thecamelia-bijoux.com\/#website"},"primaryImageOfPage":{"@id":"https:\/\/thecamelia-bijoux.com\/produit\/collier-oualidia\/#primaryimage"},"image":{"@id":"https:\/\/thecamelia-bijoux.com\/produit\/collier-oualidia\/#primaryimage"},"thumbnailUrl":"https:\/\/i0.wp.com\/thecamelia-bijoux.com\/wp-content\/uploads\/2026\/04\/Collier-Oualidia-4-couleurs.png?fit=1300%2C1300&ssl=1","datePublished":"2026-04-07T12:08:07+00:00","dateModified":"2026-04-10T13:57:44+00:00","description":"Collier Oualidia brod\u00e9 par The Camelia bijoux. Collier brod\u00e9 long inspir\u00e9 de l'artisanat marocain et fait \u00e0 la main en France.","breadcrumb":{"@id":"https:\/\/thecamelia-bijoux.com\/produit\/collier-oualidia\/#breadcrumb"},"inLanguage":"en-GB","potentialAction":[{"@type":"ReadAction","target":["https:\/\/thecamelia-bijoux.com\/produit\/collier-oualidia\/"]}]},{"@type":"ImageObject","inLanguage":"en-GB","@id":"https:\/\/thecamelia-bijoux.com\/produit\/collier-oualidia\/#primaryimage","url":"https:\/\/i0.wp.com\/thecamelia-bijoux.com\/wp-content\/uploads\/2026\/04\/Collier-Oualidia-4-couleurs.png?fit=1300%2C1300&ssl=1","contentUrl":"https:\/\/i0.wp.com\/thecamelia-bijoux.com\/wp-content\/uploads\/2026\/04\/Collier-Oualidia-4-couleurs.png?fit=1300%2C1300&ssl=1","width":1300,"height":1300},{"@type":"BreadcrumbList","@id":"https:\/\/thecamelia-bijoux.com\/produit\/collier-oualidia\/#breadcrumb","itemListElement":[{"@type":"ListItem","position":1,"name":"Accueil","item":"https:\/\/thecamelia-bijoux.com\/"},{"@type":"ListItem","position":2,"name":"E-shop","item":"https:\/\/thecamelia-bijoux.com\/eshop\/"},{"@type":"ListItem","position":3,"name":"Collier Oualidia"}]},{"@type":"WebSite","@id":"https:\/\/thecamelia-bijoux.com\/#website","url":"https:\/\/thecamelia-bijoux.com\/","name":"The Camelia bijoux","description":"Bijoux brod\u00e9s \u00e0 la main inspir\u00e9s du Maroc","publisher":{"@id":"https:\/\/thecamelia-bijoux.com\/#organization"},"potentialAction":[{"@type":"SearchAction","target":{"@type":"EntryPoint","urlTemplate":"https:\/\/thecamelia-bijoux.com\/?s={search_term_string}"},"query-input":{"@type":"PropertyValueSpecification","valueRequired":true,"valueName":"search_term_string"}}],"inLanguage":"en-GB"},{"@type":"Organization","@id":"https:\/\/thecamelia-bijoux.com\/#organization","name":"The Camelia bijoux","url":"https:\/\/thecamelia-bijoux.com\/","logo":{"@type":"ImageObject","inLanguage":"en-GB","@id":"https:\/\/thecamelia-bijoux.com\/#\/schema\/logo\/image\/","url":"https:\/\/i0.wp.com\/thecamelia-bijoux.com\/wp-content\/uploads\/2019\/02\/test-logo-bleu.png?fit=227%2C108&ssl=1","contentUrl":"https:\/\/i0.wp.com\/thecamelia-bijoux.com\/wp-content\/uploads\/2019\/02\/test-logo-bleu.png?fit=227%2C108&ssl=1","width":227,"height":108,"caption":"The Camelia bijoux"},"image":{"@id":"https:\/\/thecamelia-bijoux.com\/#\/schema\/logo\/image\/"}}]}},"jetpack_sharing_enabled":true,"_links":{"self":[{"href":"https:\/\/thecamelia-bijoux.com\/en\/wp-json\/wp\/v2\/product\/17675","targetHints":{"allow":["GET"]}}],"collection":[{"href":"https:\/\/thecamelia-bijoux.com\/en\/wp-json\/wp\/v2\/product"}],"about":[{"href":"https:\/\/thecamelia-bijoux.com\/en\/wp-json\/wp\/v2\/types\/product"}],"version-history":[{"count":5,"href":"https:\/\/thecamelia-bijoux.com\/en\/wp-json\/wp\/v2\/product\/17675\/revisions"}],"predecessor-version":[{"id":17774,"href":"https:\/\/thecamelia-bijoux.com\/en\/wp-json\/wp\/v2\/product\/17675\/revisions\/17774"}],"wp:featuredmedia":[{"embeddable":true,"href":"https:\/\/thecamelia-bijoux.com\/en\/wp-json\/wp\/v2\/media\/17683"}],"wp:attachment":[{"href":"https:\/\/thecamelia-bijoux.com\/en\/wp-json\/wp\/v2\/media?parent=17675"}],"wp:term":[{"taxonomy":"product_brand","embeddable":true,"href":"https:\/\/thecamelia-bijoux.com\/en\/wp-json\/wp\/v2\/product_brand?post=17675"},{"taxonomy":"product_cat","embeddable":true,"href":"https:\/\/thecamelia-bijoux.com\/en\/wp-json\/wp\/v2\/product_cat?post=17675"},{"taxonomy":"product_tag","embeddable":true,"href":"https:\/\/thecamelia-bijoux.com\/en\/wp-json\/wp\/v2\/product_tag?post=17675"}],"curies":[{"name":"wp","href":"https:\/\/api.w.org\/{rel}","templated":true}]}}