{"id":17659,"date":"2026-04-07T14:01:54","date_gmt":"2026-04-07T12:01:54","guid":{"rendered":"https:\/\/thecamelia-bijoux.com\/?post_type=product&#038;p=17659"},"modified":"2026-04-10T15:59:33","modified_gmt":"2026-04-10T13:59:33","slug":"boucles-doreilles-oualidia","status":"publish","type":"product","link":"https:\/\/thecamelia-bijoux.com\/en\/product\/boucles-doreilles-oualidia\/","title":{"rendered":"Boucles d&rsquo;oreilles Oualidia"},"content":{"rendered":"<div data-elementor-type=\"wp-post\" data-elementor-id=\"17659\" class=\"elementor elementor-17659\">\n\t\t\t\t\t\t<section class=\"elementor-section elementor-top-section elementor-element elementor-element-3a5d7dce elementor-section-boxed elementor-section-height-default elementor-section-height-default\" data-id=\"3a5d7dce\" data-element_type=\"section\" data-e-type=\"section\">\n\t\t\t\t\t\t<div class=\"elementor-container elementor-column-gap-default\">\n\t\t\t\t\t<div class=\"elementor-column elementor-col-100 elementor-top-column elementor-element elementor-element-66321276\" data-id=\"66321276\" data-element_type=\"column\" data-e-type=\"column\">\n\t\t\t<div class=\"elementor-widget-wrap elementor-element-populated\">\n\t\t\t\t\t\t<div class=\"elementor-element elementor-element-ae0d090 elementor-widget elementor-widget-text-editor\" data-id=\"ae0d090\" data-element_type=\"widget\" data-e-type=\"widget\" data-widget_type=\"text-editor.default\">\n\t\t\t\t<div class=\"elementor-widget-container\">\n\t\t\t\t\t\t\t\t\t<p style=\"font-size: 15px; font-style: normal; color: #01776b; font-family: Montserrat, sans-serif; text-align: justify;\">The\u00a0<span style=\"font-weight: bold;\">boucles d&rsquo;oreilles Oualidia\u00a0<\/span>ont une forme d\u00e9coup\u00e9e tr\u00e8s originale et sont recouvertes d&rsquo;une broderie de F\u00e8s dense. Dor\u00e9es \u00e0 l\u2019or fin 24 carats, ces boucles d&rsquo;oreilles sont orn\u00e9es d&rsquo;une\u00a0<span style=\"font-weight: bold; font-size: 15px;\">broderie identique des deux c\u00f4t\u00e9s <\/span><span style=\"font-size: 15px;\">et r\u00e9alis\u00e9e \u00e0 la main<\/span>\u00a0en fil de coton.<span style=\"font-size: 15px; font-style: normal; font-weight: 400;\">\u00a0Gr\u00e2ce \u00e0 la\u00a0<\/span><span style=\"font-size: 15px; font-style: normal; font-weight: bold;\">magie de la broderie de F\u00e8s, <\/span><span style=\"font-size: 15px; font-style: normal;\">c<\/span><span style=\"font-size: 15px; font-style: normal;\">es boucles d&rsquo;oreilles sont exactement identiques des deux c\u00f4t\u00e9s. Tout le monde pourra les appr\u00e9cier que vous voyez de face ou bien de dos.<\/span><span style=\"font-size: 15px; font-style: normal;\">\u00a0<\/span><span style=\"font-size: 15px; font-style: normal;\">Elles sont incroyablement l\u00e9g\u00e8res et vous suivront tout au long de votre journ\u00e9e et m\u00eame jusqu&rsquo;au bout de la nuit!<\/span><\/p><p style=\"font-size: 15px; font-style: normal; color: #01776b; font-family: Montserrat, sans-serif; text-align: justify;\"><span style=\"font-size: 15px; font-style: normal; font-weight: 400; color: rgba(1,119,107,var(--o42jjq,1)); caret-color: #01776b; --ys-xuq: none; font-kerning: none;\">Nomm\u00e9es <\/span><span style=\"font-size: 15px; font-style: normal; color: rgba(1,119,107,var(--o42jjq,1)); caret-color: #01776b; --ys-xuq: none; font-weight: bold; font-kerning: none;\">Oualidia<\/span><span style=\"font-size: 15px; font-style: normal; font-weight: 400; color: rgba(1,119,107,var(--o42jjq,1)); caret-color: #01776b; --ys-xuq: none; font-kerning: none;\">, ces boucles d\u2019oreilles font r\u00e9f\u00e9rence \u00e0 la ville c\u00f4ti\u00e8re connue pour sa lagune et son atmosph\u00e8re paisible face \u00e0 l\u2019Atlantique.<\/span><\/p><ul style=\"text-align: justify;\"><li style=\"color: #01776b; font-family: Montserrat, sans-serif; font-size: 15px; font-style: normal;\"><span style=\"font-weight: 400;\">Boucles d&rsquo;oreilles dormeuses en laiton <\/span>dor\u00e9 \u00e0 l\u2019or fin 24 carats et brod\u00e9es de fils de coton<\/li><li style=\"color: #01776b; font-family: Montserrat, sans-serif; font-size: 15px; font-style: normal;\">Dimensions des pendentifs : 4,7 cm de long et 2,1 cm de largeur (au plus large)<\/li><li style=\"color: #01776b; font-family: Montserrat, sans-serif; font-size: 15px; font-style: normal;\" class=\"translation-block\">Very light earrings<\/li><li style=\"color: #01776b; font-family: Montserrat, sans-serif; font-size: 15px; font-style: normal;\">Identical embroidery on both sides<\/li><li style=\"font-size: 15px; font-style: normal; font-weight: 400; color: #01776b; font-family: Montserrat, sans-serif;\">Disponibles dans 4 coloris<\/li><li style=\"color: #01776b; font-family: Montserrat, sans-serif; font-size: 15px; font-style: normal; font-weight: 400;\">Drawn, gilded and embroidered in\u00a0<span style=\"font-size: 15px; font-weight: bold;\">FRANCE\u00a0<\/span>or<span style=\"font-size: 15px; font-style: normal; font-weight: bold;\">\u00a0GERMANY\u00a0<\/span><span style=\"font-size: 15px; font-style: normal; font-weight: 400;\">(depending on where I am when I embroider your order)<\/span><\/li><li style=\"color: #01776b; font-family: Montserrat, sans-serif; font-size: 15px; font-style: normal;\" class=\"translation-block\">Earrings delivered in their case with the brands logo<\/li><\/ul><div style=\"text-align: justify;\"><i style=\"color: #01776b; font-family: Montserrat, sans-serif;\">Each piece of jewelry is unique and may therefore vary slightly from the photos.<br \/><\/i><\/div><div style=\"text-align: justify;\"><span style=\"color: #01776b; font-family: Montserrat, sans-serif; font-size: 15px;\">\u00a0<\/span><\/div><p style=\"font-size: 15px; font-style: normal; font-weight: 400; color: #01776b; font-family: Montserrat, sans-serif; text-align: justify;\"><span style=\"font-size: 15px; font-weight: bold;\">If the proposed colors do not suit you, I can embroider these earrings in the color of your choice.<\/span>\u00a0Do not hesitate to contact me\u00a0<a style=\"font-size: 15px; background-color: #ffe5d7;\" href=\"https:\/\/thecamelia-bijoux.com\/en\/contact\/\" target=\"_blank\" rel=\"noopener\"><u>by clicking there<\/u><\/a>.<\/p><p style=\"font-size: 15px; font-style: normal; font-weight: 400; color: #01776b; font-family: Montserrat, sans-serif; text-align: justify;\">Finally, if you have any questions about this model, do not hesitate to contact me!<\/p>\t\t\t\t\t\t\t\t<\/div>\n\t\t\t\t<\/div>\n\t\t\t\t\t<\/div>\n\t\t<\/div>\n\t\t\t\t\t<\/div>\n\t\t<\/section>\n\t\t\t\t<\/div>","protected":false},"excerpt":{"rendered":"<p>Earrings gilded with fine gold and embroidered with cotton thread.<br \/>\n<strong>\u2193 Detailed description below \u2193<\/strong><\/p>","protected":false},"featured_media":17664,"template":"","meta":{"site-sidebar-layout":"default","site-content-layout":"default","ast-site-content-layout":"default","site-content-style":"default","site-sidebar-style":"default","ast-global-header-display":"","ast-banner-title-visibility":"","ast-main-header-display":"","ast-hfb-above-header-display":"","ast-hfb-below-header-display":"","ast-hfb-mobile-header-display":"","site-post-title":"","ast-breadcrumbs-content":"","ast-featured-img":"","footer-sml-layout":"","ast-disable-related-posts":"","theme-transparent-header-meta":"default","adv-header-id-meta":"","stick-header-meta":"","header-above-stick-meta":"","header-main-stick-meta":"","header-below-stick-meta":"","astra-migrate-meta-layouts":"set","ast-page-background-enabled":"default","ast-page-background-meta":{"desktop":{"background-color":"","background-image":"","background-repeat":"repeat","background-position":"center center","background-size":"auto","background-attachment":"scroll","background-type":"","background-media":"","overlay-type":"","overlay-color":"","overlay-opacity":"","overlay-gradient":""},"tablet":{"background-color":"","background-image":"","background-repeat":"repeat","background-position":"center center","background-size":"auto","background-attachment":"scroll","background-type":"","background-media":"","overlay-type":"","overlay-color":"","overlay-opacity":"","overlay-gradient":""},"mobile":{"background-color":"","background-image":"","background-repeat":"repeat","background-position":"center center","background-size":"auto","background-attachment":"scroll","background-type":"","background-media":"","overlay-type":"","overlay-color":"","overlay-opacity":"","overlay-gradient":""}},"ast-content-background-meta":{"desktop":{"background-color":"var(--ast-global-color-5)","background-image":"","background-repeat":"repeat","background-position":"center center","background-size":"auto","background-attachment":"scroll","background-type":"","background-media":"","overlay-type":"","overlay-color":"","overlay-opacity":"","overlay-gradient":""},"tablet":{"background-color":"var(--ast-global-color-5)","background-image":"","background-repeat":"repeat","background-position":"center center","background-size":"auto","background-attachment":"scroll","background-type":"","background-media":"","overlay-type":"","overlay-color":"","overlay-opacity":"","overlay-gradient":""},"mobile":{"background-color":"var(--ast-global-color-5)","background-image":"","background-repeat":"repeat","background-position":"center center","background-size":"auto","background-attachment":"scroll","background-type":"","background-media":"","overlay-type":"","overlay-color":"","overlay-opacity":"","overlay-gradient":""}},"jetpack_post_was_ever_published":true},"product_brand":[],"product_cat":[18],"product_tag":[],"class_list":{"0":"post-17659","1":"product","2":"type-product","3":"status-publish","4":"has-post-thumbnail","6":"product_cat-boucles-doreilles","7":"desktop-align-left","8":"tablet-align-left","9":"mobile-align-left","11":"first","12":"instock","13":"purchasable","14":"product-type-variable"},"yoast_head":"<!-- This site is optimized with the Yoast SEO plugin v27.3 - https:\/\/yoast.com\/product\/yoast-seo-wordpress\/ -->\n<title>Boucles d&#039;oreilles Oualidia - The Camelia bijoux<\/title>\n<meta name=\"description\" content=\"Boucles d&#039;oreilles Oualidia d\u00e9coup\u00e9es et orn\u00e9es d&#039;une broderie de F\u00e8s, artianat marocain. Tellement chic, elles se suffisent \u00e0 elles-m\u00eames!\" \/>\n<meta name=\"robots\" content=\"index, follow, max-snippet:-1, max-image-preview:large, max-video-preview:-1\" \/>\n<link rel=\"canonical\" href=\"https:\/\/thecamelia-bijoux.com\/en\/product\/boucles-doreilles-oualidia\/\" \/>\n<meta property=\"og:locale\" content=\"en_GB\" \/>\n<meta property=\"og:type\" content=\"article\" \/>\n<meta property=\"og:title\" content=\"Boucles d&#039;oreilles Oualidia - The Camelia bijoux\" \/>\n<meta property=\"og:description\" content=\"Boucles d&#039;oreilles Oualidia d\u00e9coup\u00e9es et orn\u00e9es d&#039;une broderie de F\u00e8s, artianat marocain. Tellement chic, elles se suffisent \u00e0 elles-m\u00eames!\" \/>\n<meta property=\"og:url\" content=\"https:\/\/thecamelia-bijoux.com\/en\/product\/boucles-doreilles-oualidia\/\" \/>\n<meta property=\"og:site_name\" content=\"The Camelia bijoux\" \/>\n<meta property=\"article:modified_time\" content=\"2026-04-10T13:59:33+00:00\" \/>\n<meta property=\"og:image\" content=\"https:\/\/thecamelia-bijoux.com\/wp-content\/uploads\/2026\/04\/Boucles-doreilles-Oualidia-4-couleurs.png\" \/>\n\t<meta property=\"og:image:width\" content=\"1300\" \/>\n\t<meta property=\"og:image:height\" content=\"1300\" \/>\n\t<meta property=\"og:image:type\" content=\"image\/png\" \/>\n<meta name=\"twitter:card\" content=\"summary_large_image\" \/>\n<meta name=\"twitter:label1\" content=\"Estimated reading time\" \/>\n\t<meta name=\"twitter:data1\" content=\"2 minutes\" \/>\n<script type=\"application\/ld+json\" class=\"yoast-schema-graph\">{\"@context\":\"https:\\\/\\\/schema.org\",\"@graph\":[{\"@type\":\"WebPage\",\"@id\":\"https:\\\/\\\/thecamelia-bijoux.com\\\/produit\\\/boucles-doreilles-oualidia\\\/\",\"url\":\"https:\\\/\\\/thecamelia-bijoux.com\\\/produit\\\/boucles-doreilles-oualidia\\\/\",\"name\":\"Boucles d'oreilles Oualidia - The Camelia bijoux\",\"isPartOf\":{\"@id\":\"https:\\\/\\\/thecamelia-bijoux.com\\\/#website\"},\"primaryImageOfPage\":{\"@id\":\"https:\\\/\\\/thecamelia-bijoux.com\\\/produit\\\/boucles-doreilles-oualidia\\\/#primaryimage\"},\"image\":{\"@id\":\"https:\\\/\\\/thecamelia-bijoux.com\\\/produit\\\/boucles-doreilles-oualidia\\\/#primaryimage\"},\"thumbnailUrl\":\"https:\\\/\\\/i0.wp.com\\\/thecamelia-bijoux.com\\\/wp-content\\\/uploads\\\/2026\\\/04\\\/Boucles-doreilles-Oualidia-4-couleurs.png?fit=1300%2C1300&ssl=1\",\"datePublished\":\"2026-04-07T12:01:54+00:00\",\"dateModified\":\"2026-04-10T13:59:33+00:00\",\"description\":\"Boucles d'oreilles Oualidia d\u00e9coup\u00e9es et orn\u00e9es d'une broderie de F\u00e8s, artianat marocain. Tellement chic, elles se suffisent \u00e0 elles-m\u00eames!\",\"breadcrumb\":{\"@id\":\"https:\\\/\\\/thecamelia-bijoux.com\\\/produit\\\/boucles-doreilles-oualidia\\\/#breadcrumb\"},\"inLanguage\":\"en-GB\",\"potentialAction\":[{\"@type\":\"ReadAction\",\"target\":[\"https:\\\/\\\/thecamelia-bijoux.com\\\/produit\\\/boucles-doreilles-oualidia\\\/\"]}]},{\"@type\":\"ImageObject\",\"inLanguage\":\"en-GB\",\"@id\":\"https:\\\/\\\/thecamelia-bijoux.com\\\/produit\\\/boucles-doreilles-oualidia\\\/#primaryimage\",\"url\":\"https:\\\/\\\/i0.wp.com\\\/thecamelia-bijoux.com\\\/wp-content\\\/uploads\\\/2026\\\/04\\\/Boucles-doreilles-Oualidia-4-couleurs.png?fit=1300%2C1300&ssl=1\",\"contentUrl\":\"https:\\\/\\\/i0.wp.com\\\/thecamelia-bijoux.com\\\/wp-content\\\/uploads\\\/2026\\\/04\\\/Boucles-doreilles-Oualidia-4-couleurs.png?fit=1300%2C1300&ssl=1\",\"width\":1300,\"height\":1300},{\"@type\":\"BreadcrumbList\",\"@id\":\"https:\\\/\\\/thecamelia-bijoux.com\\\/produit\\\/boucles-doreilles-oualidia\\\/#breadcrumb\",\"itemListElement\":[{\"@type\":\"ListItem\",\"position\":1,\"name\":\"Accueil\",\"item\":\"https:\\\/\\\/thecamelia-bijoux.com\\\/\"},{\"@type\":\"ListItem\",\"position\":2,\"name\":\"E-shop\",\"item\":\"https:\\\/\\\/thecamelia-bijoux.com\\\/eshop\\\/\"},{\"@type\":\"ListItem\",\"position\":3,\"name\":\"Boucles d&rsquo;oreilles Oualidia\"}]},{\"@type\":\"WebSite\",\"@id\":\"https:\\\/\\\/thecamelia-bijoux.com\\\/#website\",\"url\":\"https:\\\/\\\/thecamelia-bijoux.com\\\/\",\"name\":\"The Camelia bijoux\",\"description\":\"Bijoux brod\u00e9s \u00e0 la main inspir\u00e9s du Maroc\",\"publisher\":{\"@id\":\"https:\\\/\\\/thecamelia-bijoux.com\\\/#organization\"},\"potentialAction\":[{\"@type\":\"SearchAction\",\"target\":{\"@type\":\"EntryPoint\",\"urlTemplate\":\"https:\\\/\\\/thecamelia-bijoux.com\\\/?s={search_term_string}\"},\"query-input\":{\"@type\":\"PropertyValueSpecification\",\"valueRequired\":true,\"valueName\":\"search_term_string\"}}],\"inLanguage\":\"en-GB\"},{\"@type\":\"Organization\",\"@id\":\"https:\\\/\\\/thecamelia-bijoux.com\\\/#organization\",\"name\":\"The Camelia bijoux\",\"url\":\"https:\\\/\\\/thecamelia-bijoux.com\\\/\",\"logo\":{\"@type\":\"ImageObject\",\"inLanguage\":\"en-GB\",\"@id\":\"https:\\\/\\\/thecamelia-bijoux.com\\\/#\\\/schema\\\/logo\\\/image\\\/\",\"url\":\"https:\\\/\\\/i0.wp.com\\\/thecamelia-bijoux.com\\\/wp-content\\\/uploads\\\/2019\\\/02\\\/test-logo-bleu.png?fit=227%2C108&ssl=1\",\"contentUrl\":\"https:\\\/\\\/i0.wp.com\\\/thecamelia-bijoux.com\\\/wp-content\\\/uploads\\\/2019\\\/02\\\/test-logo-bleu.png?fit=227%2C108&ssl=1\",\"width\":227,\"height\":108,\"caption\":\"The Camelia bijoux\"},\"image\":{\"@id\":\"https:\\\/\\\/thecamelia-bijoux.com\\\/#\\\/schema\\\/logo\\\/image\\\/\"}}]}<\/script>\n<!-- \/ Yoast SEO plugin. -->","yoast_head_json":{"title":"Boucles d'oreilles Oualidia - The Camelia bijoux","description":"Boucles d'oreilles Oualidia d\u00e9coup\u00e9es et orn\u00e9es d'une broderie de F\u00e8s, artianat marocain. Tellement chic, elles se suffisent \u00e0 elles-m\u00eames!","robots":{"index":"index","follow":"follow","max-snippet":"max-snippet:-1","max-image-preview":"max-image-preview:large","max-video-preview":"max-video-preview:-1"},"canonical":"https:\/\/thecamelia-bijoux.com\/en\/product\/boucles-doreilles-oualidia\/","og_locale":"en_GB","og_type":"article","og_title":"Boucles d'oreilles Oualidia - The Camelia bijoux","og_description":"Boucles d'oreilles Oualidia d\u00e9coup\u00e9es et orn\u00e9es d'une broderie de F\u00e8s, artianat marocain. Tellement chic, elles se suffisent \u00e0 elles-m\u00eames!","og_url":"https:\/\/thecamelia-bijoux.com\/en\/product\/boucles-doreilles-oualidia\/","og_site_name":"The Camelia bijoux","article_modified_time":"2026-04-10T13:59:33+00:00","og_image":[{"width":1300,"height":1300,"url":"https:\/\/thecamelia-bijoux.com\/wp-content\/uploads\/2026\/04\/Boucles-doreilles-Oualidia-4-couleurs.png","type":"image\/png"}],"twitter_card":"summary_large_image","twitter_misc":{"Estimated reading time":"2 minutes"},"schema":{"@context":"https:\/\/schema.org","@graph":[{"@type":"WebPage","@id":"https:\/\/thecamelia-bijoux.com\/produit\/boucles-doreilles-oualidia\/","url":"https:\/\/thecamelia-bijoux.com\/produit\/boucles-doreilles-oualidia\/","name":"Boucles d'oreilles Oualidia - The Camelia bijoux","isPartOf":{"@id":"https:\/\/thecamelia-bijoux.com\/#website"},"primaryImageOfPage":{"@id":"https:\/\/thecamelia-bijoux.com\/produit\/boucles-doreilles-oualidia\/#primaryimage"},"image":{"@id":"https:\/\/thecamelia-bijoux.com\/produit\/boucles-doreilles-oualidia\/#primaryimage"},"thumbnailUrl":"https:\/\/i0.wp.com\/thecamelia-bijoux.com\/wp-content\/uploads\/2026\/04\/Boucles-doreilles-Oualidia-4-couleurs.png?fit=1300%2C1300&ssl=1","datePublished":"2026-04-07T12:01:54+00:00","dateModified":"2026-04-10T13:59:33+00:00","description":"Boucles d'oreilles Oualidia d\u00e9coup\u00e9es et orn\u00e9es d'une broderie de F\u00e8s, artianat marocain. Tellement chic, elles se suffisent \u00e0 elles-m\u00eames!","breadcrumb":{"@id":"https:\/\/thecamelia-bijoux.com\/produit\/boucles-doreilles-oualidia\/#breadcrumb"},"inLanguage":"en-GB","potentialAction":[{"@type":"ReadAction","target":["https:\/\/thecamelia-bijoux.com\/produit\/boucles-doreilles-oualidia\/"]}]},{"@type":"ImageObject","inLanguage":"en-GB","@id":"https:\/\/thecamelia-bijoux.com\/produit\/boucles-doreilles-oualidia\/#primaryimage","url":"https:\/\/i0.wp.com\/thecamelia-bijoux.com\/wp-content\/uploads\/2026\/04\/Boucles-doreilles-Oualidia-4-couleurs.png?fit=1300%2C1300&ssl=1","contentUrl":"https:\/\/i0.wp.com\/thecamelia-bijoux.com\/wp-content\/uploads\/2026\/04\/Boucles-doreilles-Oualidia-4-couleurs.png?fit=1300%2C1300&ssl=1","width":1300,"height":1300},{"@type":"BreadcrumbList","@id":"https:\/\/thecamelia-bijoux.com\/produit\/boucles-doreilles-oualidia\/#breadcrumb","itemListElement":[{"@type":"ListItem","position":1,"name":"Accueil","item":"https:\/\/thecamelia-bijoux.com\/"},{"@type":"ListItem","position":2,"name":"E-shop","item":"https:\/\/thecamelia-bijoux.com\/eshop\/"},{"@type":"ListItem","position":3,"name":"Boucles d&rsquo;oreilles Oualidia"}]},{"@type":"WebSite","@id":"https:\/\/thecamelia-bijoux.com\/#website","url":"https:\/\/thecamelia-bijoux.com\/","name":"The Camelia bijoux","description":"Bijoux brod\u00e9s \u00e0 la main inspir\u00e9s du Maroc","publisher":{"@id":"https:\/\/thecamelia-bijoux.com\/#organization"},"potentialAction":[{"@type":"SearchAction","target":{"@type":"EntryPoint","urlTemplate":"https:\/\/thecamelia-bijoux.com\/?s={search_term_string}"},"query-input":{"@type":"PropertyValueSpecification","valueRequired":true,"valueName":"search_term_string"}}],"inLanguage":"en-GB"},{"@type":"Organization","@id":"https:\/\/thecamelia-bijoux.com\/#organization","name":"The Camelia bijoux","url":"https:\/\/thecamelia-bijoux.com\/","logo":{"@type":"ImageObject","inLanguage":"en-GB","@id":"https:\/\/thecamelia-bijoux.com\/#\/schema\/logo\/image\/","url":"https:\/\/i0.wp.com\/thecamelia-bijoux.com\/wp-content\/uploads\/2019\/02\/test-logo-bleu.png?fit=227%2C108&ssl=1","contentUrl":"https:\/\/i0.wp.com\/thecamelia-bijoux.com\/wp-content\/uploads\/2019\/02\/test-logo-bleu.png?fit=227%2C108&ssl=1","width":227,"height":108,"caption":"The Camelia bijoux"},"image":{"@id":"https:\/\/thecamelia-bijoux.com\/#\/schema\/logo\/image\/"}}]}},"jetpack_sharing_enabled":true,"_links":{"self":[{"href":"https:\/\/thecamelia-bijoux.com\/en\/wp-json\/wp\/v2\/product\/17659","targetHints":{"allow":["GET"]}}],"collection":[{"href":"https:\/\/thecamelia-bijoux.com\/en\/wp-json\/wp\/v2\/product"}],"about":[{"href":"https:\/\/thecamelia-bijoux.com\/en\/wp-json\/wp\/v2\/types\/product"}],"version-history":[{"count":9,"href":"https:\/\/thecamelia-bijoux.com\/en\/wp-json\/wp\/v2\/product\/17659\/revisions"}],"predecessor-version":[{"id":17776,"href":"https:\/\/thecamelia-bijoux.com\/en\/wp-json\/wp\/v2\/product\/17659\/revisions\/17776"}],"wp:featuredmedia":[{"embeddable":true,"href":"https:\/\/thecamelia-bijoux.com\/en\/wp-json\/wp\/v2\/media\/17664"}],"wp:attachment":[{"href":"https:\/\/thecamelia-bijoux.com\/en\/wp-json\/wp\/v2\/media?parent=17659"}],"wp:term":[{"taxonomy":"product_brand","embeddable":true,"href":"https:\/\/thecamelia-bijoux.com\/en\/wp-json\/wp\/v2\/product_brand?post=17659"},{"taxonomy":"product_cat","embeddable":true,"href":"https:\/\/thecamelia-bijoux.com\/en\/wp-json\/wp\/v2\/product_cat?post=17659"},{"taxonomy":"product_tag","embeddable":true,"href":"https:\/\/thecamelia-bijoux.com\/en\/wp-json\/wp\/v2\/product_tag?post=17659"}],"curies":[{"name":"wp","href":"https:\/\/api.w.org\/{rel}","templated":true}]}}