{"id":17497,"date":"2026-03-24T17:50:40","date_gmt":"2026-03-24T16:50:40","guid":{"rendered":"https:\/\/thecamelia-bijoux.com\/?post_type=product&#038;p=17497"},"modified":"2026-04-10T16:08:16","modified_gmt":"2026-04-10T14:08:16","slug":"bracelet-aghroud","status":"publish","type":"product","link":"https:\/\/thecamelia-bijoux.com\/en\/product\/bracelet-aghroud\/","title":{"rendered":"Bracelet Aghroud"},"content":{"rendered":"<div data-elementor-type=\"wp-post\" data-elementor-id=\"17497\" class=\"elementor elementor-17497\">\n\t\t\t\t\t\t<section class=\"elementor-section elementor-top-section elementor-element elementor-element-3a5d7dce elementor-section-boxed elementor-section-height-default elementor-section-height-default\" data-id=\"3a5d7dce\" data-element_type=\"section\" data-e-type=\"section\">\n\t\t\t\t\t\t<div class=\"elementor-container elementor-column-gap-default\">\n\t\t\t\t\t<div class=\"elementor-column elementor-col-100 elementor-top-column elementor-element elementor-element-66321276\" data-id=\"66321276\" data-element_type=\"column\" data-e-type=\"column\">\n\t\t\t<div class=\"elementor-widget-wrap elementor-element-populated\">\n\t\t\t\t\t\t<div class=\"elementor-element elementor-element-ae0d090 elementor-widget elementor-widget-text-editor\" data-id=\"ae0d090\" data-element_type=\"widget\" data-e-type=\"widget\" data-widget_type=\"text-editor.default\">\n\t\t\t\t<div class=\"elementor-widget-container\">\n\t\t\t\t\t\t\t\t\t<p style=\"text-align: justify; font-style: normal; font-size: 15px; font-family: Montserrat, sans-serif; color: #01776b;\">The&nbsp;<span style=\"font-weight: bold; font-size: 15px;\">bracelet Aghroud&nbsp;<\/span><span style=\"font-size: 15px; font-style: normal; font-weight: 400;\">r<\/span><span style=\"font-size: 15px; font-style: normal; font-weight: 400;\">epr\u00e9sente un motif traditionnel de la broderie de F\u00e8s<\/span><span style=\"font-size: 15px; font-style: normal; font-weight: 400;\">.<\/span><span style=\"font-size: 15px; font-style: normal;\">&nbsp;Dor\u00e9 \u00e0 l\u2019or fin 24 carats, le bracelet est compos\u00e9 d&rsquo;un pendentif \u00e0 la forme g\u00e9om\u00e9trique orn\u00e9 d&rsquo;une&nbsp;<\/span><span style=\"font-size: 15px; font-style: normal; font-weight: bold;\">Fez embroidery done by hand<\/span><span style=\"font-size: 15px; font-style: normal;\">&nbsp;en fil de coton et d&rsquo;une fine cha\u00eene. Gr\u00e2ce \u00e0 l&rsquo;ing\u00e9niosit\u00e9 de la broderie de F\u00e8s, votre bracelet est identique des deux c\u00f4t\u00e9s donc pas d&rsquo;inqui\u00e9tudes si il se retourne. Ce bracelet brod\u00e9 d\u00e9licat et original se porte pour toutes les occasions, seul ou en accumulation avec d\u2019autres bracelets.<\/span><\/p>\n<p style=\"text-align: justify; font-style: normal; font-size: 15px; font-family: Montserrat, sans-serif; color: #01776b;\"><span style=\"font-size: 15px; font-style: normal; font-weight: 400; color: rgba(1,119,107,var(--O42jJQ,1)); caret-color: rgb(1, 119, 107); --Ys-XuQ: none; font-kerning: none;\">Nomm\u00e9 <\/span><span style=\"font-size: 15px; font-style: normal; color: rgba(1,119,107,var(--O42jJQ,1)); caret-color: rgb(1, 119, 107); --Ys-XuQ: none; font-weight: 700; font-kerning: none;\">Aghroud<\/span><span style=\"font-size: 15px; font-style: normal; font-weight: 400; color: rgba(1,119,107,var(--O42jJQ,1)); caret-color: rgb(1, 119, 107); --Ys-XuQ: none; font-kerning: none;\">, ce bracelet fait r\u00e9f\u00e9rence au petit village c\u00f4tier situ\u00e9 au nord d\u2019Agadir, connu pour ses maisons multicolores. Un arr\u00eat incontournable pour faire le plein de couleurs.<\/span><\/p>\n<ul style=\"text-align: justify;\">\n<li style=\"color: #01776b; font-family: Montserrat, sans-serif; font-size: 15px; font-style: normal; font-weight: 400;\">Brass bracelet gilded with fine gold and embroidered with cotton thread&nbsp;<\/li>\n<li style=\"color: #01776b; font-family: Montserrat, sans-serif; font-size: 15px; font-style: normal; font-weight: 400;\"><span style=\"font-size: 15px;\">Adjustable bracelet: from 15,5 to 19 cm<\/span><\/li>\n<li style=\"color: #01776b; font-family: Montserrat, sans-serif; font-size: 15px; font-style: normal; font-weight: 400;\"><span style=\"font-size: 15px;\">Dimensions pendentif :&nbsp;<\/span><span style=\"font-size: 15px; font-style: italic; font-weight: 400;\">2,1 cm de long et 1,3 cm de largeur (au plus large)<\/span><\/li>\n<li style=\"color: #01776b; font-family: Montserrat, sans-serif; font-size: 15px; font-style: normal; font-weight: 400;\">Identical embroidery on both sides<\/li>\n<li><span style=\"color: #01776b; font-family: Montserrat, sans-serif; font-size: 15px; font-style: normal; font-weight: 400;\">Available in 5 colors<\/span><\/li>\n<li style=\"color: #01776b; font-family: Montserrat, sans-serif; font-size: 15px; font-style: normal; font-weight: 400;\">Drawn, gilded and embroidered in&nbsp;<span style=\"font-size: 15px; font-weight: bold;\">FRANCE&nbsp;<\/span>or<span style=\"font-size: 15px; font-weight: bold;\"> GERMANY&nbsp;<\/span><span style=\"font-size: 15px;\">(depending on where I am when I embroider your order)<\/span><\/li>\n<li style=\"color: #01776b; font-family: Montserrat, sans-serif; font-size: 15px; font-style: normal; font-weight: 400;\">Bracelet delivered in its case with the brands logo<\/li>\n<\/ul>\n<div style=\"text-align: justify;\"><i style=\"color: #01776b; font-family: Montserrat, sans-serif;\">Each piece of jewelry is unique and may therefore vary slightly from the photos.&nbsp;<br><\/i><i style=\"color: #01776b; font-family: Montserrat, sans-serif;\"><br><\/i><\/div>\n<p style=\"font-size: 15px; font-style: normal; font-weight: 400; color: #01776b; font-family: Montserrat, sans-serif; text-align: justify;\"><span style=\"font-size: 15px; font-weight: bold;\">If the colors proposed do not suit you, I can embroider this bracelet in the color of your choice.<\/span>&nbsp;Do not hesitate to contact me&nbsp;<a style=\"font-size: 15px; background-color: #ffe5d7;\" href=\"https:\/\/thecamelia-bijoux.com\/en\/contact\/\" target=\"_blank\" rel=\"noopener\"><u>by clicking there<\/u><\/a>.<\/p>\n<p style=\"font-size: 15px; font-style: normal; font-weight: 400; color: #01776b; font-family: Montserrat, sans-serif; text-align: justify;\">Finally, if you have any questions about this model, do not hesitate to contact me!<\/p>\t\t\t\t\t\t\t\t<\/div>\n\t\t\t\t<\/div>\n\t\t\t\t\t<\/div>\n\t\t<\/div>\n\t\t\t\t\t<\/div>\n\t\t<\/section>\n\t\t\t\t<\/div>","protected":false},"excerpt":{"rendered":"<p>Bracelet r\u00e9glable dor\u00e9 \u00e0 l\u2019or fin 24 carats et brod\u00e9 de fils de coton.<br \/>\n<strong>\u2193 Detailed description below \u2193<\/strong><\/p>","protected":false},"featured_media":17503,"template":"","meta":{"site-sidebar-layout":"default","site-content-layout":"default","ast-site-content-layout":"default","site-content-style":"default","site-sidebar-style":"default","ast-global-header-display":"","ast-banner-title-visibility":"","ast-main-header-display":"","ast-hfb-above-header-display":"","ast-hfb-below-header-display":"","ast-hfb-mobile-header-display":"","site-post-title":"","ast-breadcrumbs-content":"","ast-featured-img":"","footer-sml-layout":"","ast-disable-related-posts":"","theme-transparent-header-meta":"default","adv-header-id-meta":"","stick-header-meta":"","header-above-stick-meta":"","header-main-stick-meta":"","header-below-stick-meta":"","astra-migrate-meta-layouts":"set","ast-page-background-enabled":"default","ast-page-background-meta":{"desktop":{"background-color":"","background-image":"","background-repeat":"repeat","background-position":"center center","background-size":"auto","background-attachment":"scroll","background-type":"","background-media":"","overlay-type":"","overlay-color":"","overlay-opacity":"","overlay-gradient":""},"tablet":{"background-color":"","background-image":"","background-repeat":"repeat","background-position":"center center","background-size":"auto","background-attachment":"scroll","background-type":"","background-media":"","overlay-type":"","overlay-color":"","overlay-opacity":"","overlay-gradient":""},"mobile":{"background-color":"","background-image":"","background-repeat":"repeat","background-position":"center center","background-size":"auto","background-attachment":"scroll","background-type":"","background-media":"","overlay-type":"","overlay-color":"","overlay-opacity":"","overlay-gradient":""}},"ast-content-background-meta":{"desktop":{"background-color":"var(--ast-global-color-5)","background-image":"","background-repeat":"repeat","background-position":"center center","background-size":"auto","background-attachment":"scroll","background-type":"","background-media":"","overlay-type":"","overlay-color":"","overlay-opacity":"","overlay-gradient":""},"tablet":{"background-color":"var(--ast-global-color-5)","background-image":"","background-repeat":"repeat","background-position":"center center","background-size":"auto","background-attachment":"scroll","background-type":"","background-media":"","overlay-type":"","overlay-color":"","overlay-opacity":"","overlay-gradient":""},"mobile":{"background-color":"var(--ast-global-color-5)","background-image":"","background-repeat":"repeat","background-position":"center center","background-size":"auto","background-attachment":"scroll","background-type":"","background-media":"","overlay-type":"","overlay-color":"","overlay-opacity":"","overlay-gradient":""}},"jetpack_post_was_ever_published":true},"product_brand":[],"product_cat":[22],"product_tag":[42],"class_list":{"0":"post-17497","1":"product","2":"type-product","3":"status-publish","4":"has-post-thumbnail","6":"product_cat-bracelets","7":"product_tag-minis","8":"desktop-align-left","9":"tablet-align-left","10":"mobile-align-left","12":"first","13":"instock","14":"purchasable","15":"product-type-variable"},"yoast_head":"<!-- This site is optimized with the Yoast SEO plugin v27.3 - https:\/\/yoast.com\/product\/yoast-seo-wordpress\/ -->\n<title>Bracelet Aghroud - The Camelia bijoux<\/title>\n<meta name=\"description\" content=\"Bracelet Aghroud brod\u00e9 par The Camelia bijoux. Avec sa d\u00e9licate broderie de F\u00e8s, artisanat marocain, ce bracelet sera parfait au quotidien !\" \/>\n<meta name=\"robots\" content=\"index, follow, max-snippet:-1, max-image-preview:large, max-video-preview:-1\" \/>\n<link rel=\"canonical\" href=\"https:\/\/thecamelia-bijoux.com\/en\/product\/bracelet-aghroud\/\" \/>\n<meta property=\"og:locale\" content=\"en_GB\" \/>\n<meta property=\"og:type\" content=\"article\" \/>\n<meta property=\"og:title\" content=\"Bracelet Aghroud - The Camelia bijoux\" \/>\n<meta property=\"og:description\" content=\"Bracelet Aghroud brod\u00e9 par The Camelia bijoux. Avec sa d\u00e9licate broderie de F\u00e8s, artisanat marocain, ce bracelet sera parfait au quotidien !\" \/>\n<meta property=\"og:url\" content=\"https:\/\/thecamelia-bijoux.com\/en\/product\/bracelet-aghroud\/\" \/>\n<meta property=\"og:site_name\" content=\"The Camelia bijoux\" \/>\n<meta property=\"article:modified_time\" content=\"2026-04-10T14:08:16+00:00\" \/>\n<meta property=\"og:image\" content=\"https:\/\/thecamelia-bijoux.com\/wp-content\/uploads\/2026\/03\/Bracelet-Aghroud-5-couleurs-.png\" \/>\n\t<meta property=\"og:image:width\" content=\"1300\" \/>\n\t<meta property=\"og:image:height\" content=\"1300\" \/>\n\t<meta property=\"og:image:type\" content=\"image\/png\" \/>\n<meta name=\"twitter:card\" content=\"summary_large_image\" \/>\n<meta name=\"twitter:label1\" content=\"Estimated reading time\" \/>\n\t<meta name=\"twitter:data1\" content=\"2 minutes\" \/>\n<script type=\"application\/ld+json\" class=\"yoast-schema-graph\">{\"@context\":\"https:\\\/\\\/schema.org\",\"@graph\":[{\"@type\":\"WebPage\",\"@id\":\"https:\\\/\\\/thecamelia-bijoux.com\\\/produit\\\/bracelet-aghroud\\\/\",\"url\":\"https:\\\/\\\/thecamelia-bijoux.com\\\/produit\\\/bracelet-aghroud\\\/\",\"name\":\"Bracelet Aghroud - The Camelia bijoux\",\"isPartOf\":{\"@id\":\"https:\\\/\\\/thecamelia-bijoux.com\\\/#website\"},\"primaryImageOfPage\":{\"@id\":\"https:\\\/\\\/thecamelia-bijoux.com\\\/produit\\\/bracelet-aghroud\\\/#primaryimage\"},\"image\":{\"@id\":\"https:\\\/\\\/thecamelia-bijoux.com\\\/produit\\\/bracelet-aghroud\\\/#primaryimage\"},\"thumbnailUrl\":\"https:\\\/\\\/i0.wp.com\\\/thecamelia-bijoux.com\\\/wp-content\\\/uploads\\\/2026\\\/03\\\/Bracelet-Aghroud-5-couleurs-.png?fit=1300%2C1300&ssl=1\",\"datePublished\":\"2026-03-24T16:50:40+00:00\",\"dateModified\":\"2026-04-10T14:08:16+00:00\",\"description\":\"Bracelet Aghroud brod\u00e9 par The Camelia bijoux. Avec sa d\u00e9licate broderie de F\u00e8s, artisanat marocain, ce bracelet sera parfait au quotidien !\",\"breadcrumb\":{\"@id\":\"https:\\\/\\\/thecamelia-bijoux.com\\\/produit\\\/bracelet-aghroud\\\/#breadcrumb\"},\"inLanguage\":\"en-GB\",\"potentialAction\":[{\"@type\":\"ReadAction\",\"target\":[\"https:\\\/\\\/thecamelia-bijoux.com\\\/produit\\\/bracelet-aghroud\\\/\"]}]},{\"@type\":\"ImageObject\",\"inLanguage\":\"en-GB\",\"@id\":\"https:\\\/\\\/thecamelia-bijoux.com\\\/produit\\\/bracelet-aghroud\\\/#primaryimage\",\"url\":\"https:\\\/\\\/i0.wp.com\\\/thecamelia-bijoux.com\\\/wp-content\\\/uploads\\\/2026\\\/03\\\/Bracelet-Aghroud-5-couleurs-.png?fit=1300%2C1300&ssl=1\",\"contentUrl\":\"https:\\\/\\\/i0.wp.com\\\/thecamelia-bijoux.com\\\/wp-content\\\/uploads\\\/2026\\\/03\\\/Bracelet-Aghroud-5-couleurs-.png?fit=1300%2C1300&ssl=1\",\"width\":1300,\"height\":1300},{\"@type\":\"BreadcrumbList\",\"@id\":\"https:\\\/\\\/thecamelia-bijoux.com\\\/produit\\\/bracelet-aghroud\\\/#breadcrumb\",\"itemListElement\":[{\"@type\":\"ListItem\",\"position\":1,\"name\":\"Accueil\",\"item\":\"https:\\\/\\\/thecamelia-bijoux.com\\\/\"},{\"@type\":\"ListItem\",\"position\":2,\"name\":\"E-shop\",\"item\":\"https:\\\/\\\/thecamelia-bijoux.com\\\/eshop\\\/\"},{\"@type\":\"ListItem\",\"position\":3,\"name\":\"Bracelet Aghroud\"}]},{\"@type\":\"WebSite\",\"@id\":\"https:\\\/\\\/thecamelia-bijoux.com\\\/#website\",\"url\":\"https:\\\/\\\/thecamelia-bijoux.com\\\/\",\"name\":\"The Camelia bijoux\",\"description\":\"Bijoux brod\u00e9s \u00e0 la main inspir\u00e9s du Maroc\",\"publisher\":{\"@id\":\"https:\\\/\\\/thecamelia-bijoux.com\\\/#organization\"},\"potentialAction\":[{\"@type\":\"SearchAction\",\"target\":{\"@type\":\"EntryPoint\",\"urlTemplate\":\"https:\\\/\\\/thecamelia-bijoux.com\\\/?s={search_term_string}\"},\"query-input\":{\"@type\":\"PropertyValueSpecification\",\"valueRequired\":true,\"valueName\":\"search_term_string\"}}],\"inLanguage\":\"en-GB\"},{\"@type\":\"Organization\",\"@id\":\"https:\\\/\\\/thecamelia-bijoux.com\\\/#organization\",\"name\":\"The Camelia bijoux\",\"url\":\"https:\\\/\\\/thecamelia-bijoux.com\\\/\",\"logo\":{\"@type\":\"ImageObject\",\"inLanguage\":\"en-GB\",\"@id\":\"https:\\\/\\\/thecamelia-bijoux.com\\\/#\\\/schema\\\/logo\\\/image\\\/\",\"url\":\"https:\\\/\\\/i0.wp.com\\\/thecamelia-bijoux.com\\\/wp-content\\\/uploads\\\/2019\\\/02\\\/test-logo-bleu.png?fit=227%2C108&ssl=1\",\"contentUrl\":\"https:\\\/\\\/i0.wp.com\\\/thecamelia-bijoux.com\\\/wp-content\\\/uploads\\\/2019\\\/02\\\/test-logo-bleu.png?fit=227%2C108&ssl=1\",\"width\":227,\"height\":108,\"caption\":\"The Camelia bijoux\"},\"image\":{\"@id\":\"https:\\\/\\\/thecamelia-bijoux.com\\\/#\\\/schema\\\/logo\\\/image\\\/\"}}]}<\/script>\n<!-- \/ Yoast SEO plugin. -->","yoast_head_json":{"title":"Bracelet Aghroud - The Camelia bijoux","description":"Bracelet Aghroud brod\u00e9 par The Camelia bijoux. Avec sa d\u00e9licate broderie de F\u00e8s, artisanat marocain, ce bracelet sera parfait au quotidien !","robots":{"index":"index","follow":"follow","max-snippet":"max-snippet:-1","max-image-preview":"max-image-preview:large","max-video-preview":"max-video-preview:-1"},"canonical":"https:\/\/thecamelia-bijoux.com\/en\/product\/bracelet-aghroud\/","og_locale":"en_GB","og_type":"article","og_title":"Bracelet Aghroud - The Camelia bijoux","og_description":"Bracelet Aghroud brod\u00e9 par The Camelia bijoux. Avec sa d\u00e9licate broderie de F\u00e8s, artisanat marocain, ce bracelet sera parfait au quotidien !","og_url":"https:\/\/thecamelia-bijoux.com\/en\/product\/bracelet-aghroud\/","og_site_name":"The Camelia bijoux","article_modified_time":"2026-04-10T14:08:16+00:00","og_image":[{"width":1300,"height":1300,"url":"https:\/\/thecamelia-bijoux.com\/wp-content\/uploads\/2026\/03\/Bracelet-Aghroud-5-couleurs-.png","type":"image\/png"}],"twitter_card":"summary_large_image","twitter_misc":{"Estimated reading time":"2 minutes"},"schema":{"@context":"https:\/\/schema.org","@graph":[{"@type":"WebPage","@id":"https:\/\/thecamelia-bijoux.com\/produit\/bracelet-aghroud\/","url":"https:\/\/thecamelia-bijoux.com\/produit\/bracelet-aghroud\/","name":"Bracelet Aghroud - The Camelia bijoux","isPartOf":{"@id":"https:\/\/thecamelia-bijoux.com\/#website"},"primaryImageOfPage":{"@id":"https:\/\/thecamelia-bijoux.com\/produit\/bracelet-aghroud\/#primaryimage"},"image":{"@id":"https:\/\/thecamelia-bijoux.com\/produit\/bracelet-aghroud\/#primaryimage"},"thumbnailUrl":"https:\/\/i0.wp.com\/thecamelia-bijoux.com\/wp-content\/uploads\/2026\/03\/Bracelet-Aghroud-5-couleurs-.png?fit=1300%2C1300&ssl=1","datePublished":"2026-03-24T16:50:40+00:00","dateModified":"2026-04-10T14:08:16+00:00","description":"Bracelet Aghroud brod\u00e9 par The Camelia bijoux. Avec sa d\u00e9licate broderie de F\u00e8s, artisanat marocain, ce bracelet sera parfait au quotidien !","breadcrumb":{"@id":"https:\/\/thecamelia-bijoux.com\/produit\/bracelet-aghroud\/#breadcrumb"},"inLanguage":"en-GB","potentialAction":[{"@type":"ReadAction","target":["https:\/\/thecamelia-bijoux.com\/produit\/bracelet-aghroud\/"]}]},{"@type":"ImageObject","inLanguage":"en-GB","@id":"https:\/\/thecamelia-bijoux.com\/produit\/bracelet-aghroud\/#primaryimage","url":"https:\/\/i0.wp.com\/thecamelia-bijoux.com\/wp-content\/uploads\/2026\/03\/Bracelet-Aghroud-5-couleurs-.png?fit=1300%2C1300&ssl=1","contentUrl":"https:\/\/i0.wp.com\/thecamelia-bijoux.com\/wp-content\/uploads\/2026\/03\/Bracelet-Aghroud-5-couleurs-.png?fit=1300%2C1300&ssl=1","width":1300,"height":1300},{"@type":"BreadcrumbList","@id":"https:\/\/thecamelia-bijoux.com\/produit\/bracelet-aghroud\/#breadcrumb","itemListElement":[{"@type":"ListItem","position":1,"name":"Accueil","item":"https:\/\/thecamelia-bijoux.com\/"},{"@type":"ListItem","position":2,"name":"E-shop","item":"https:\/\/thecamelia-bijoux.com\/eshop\/"},{"@type":"ListItem","position":3,"name":"Bracelet Aghroud"}]},{"@type":"WebSite","@id":"https:\/\/thecamelia-bijoux.com\/#website","url":"https:\/\/thecamelia-bijoux.com\/","name":"The Camelia bijoux","description":"Bijoux brod\u00e9s \u00e0 la main inspir\u00e9s du Maroc","publisher":{"@id":"https:\/\/thecamelia-bijoux.com\/#organization"},"potentialAction":[{"@type":"SearchAction","target":{"@type":"EntryPoint","urlTemplate":"https:\/\/thecamelia-bijoux.com\/?s={search_term_string}"},"query-input":{"@type":"PropertyValueSpecification","valueRequired":true,"valueName":"search_term_string"}}],"inLanguage":"en-GB"},{"@type":"Organization","@id":"https:\/\/thecamelia-bijoux.com\/#organization","name":"The Camelia bijoux","url":"https:\/\/thecamelia-bijoux.com\/","logo":{"@type":"ImageObject","inLanguage":"en-GB","@id":"https:\/\/thecamelia-bijoux.com\/#\/schema\/logo\/image\/","url":"https:\/\/i0.wp.com\/thecamelia-bijoux.com\/wp-content\/uploads\/2019\/02\/test-logo-bleu.png?fit=227%2C108&ssl=1","contentUrl":"https:\/\/i0.wp.com\/thecamelia-bijoux.com\/wp-content\/uploads\/2019\/02\/test-logo-bleu.png?fit=227%2C108&ssl=1","width":227,"height":108,"caption":"The Camelia bijoux"},"image":{"@id":"https:\/\/thecamelia-bijoux.com\/#\/schema\/logo\/image\/"}}]}},"jetpack_sharing_enabled":true,"_links":{"self":[{"href":"https:\/\/thecamelia-bijoux.com\/en\/wp-json\/wp\/v2\/product\/17497","targetHints":{"allow":["GET"]}}],"collection":[{"href":"https:\/\/thecamelia-bijoux.com\/en\/wp-json\/wp\/v2\/product"}],"about":[{"href":"https:\/\/thecamelia-bijoux.com\/en\/wp-json\/wp\/v2\/types\/product"}],"version-history":[{"count":5,"href":"https:\/\/thecamelia-bijoux.com\/en\/wp-json\/wp\/v2\/product\/17497\/revisions"}],"predecessor-version":[{"id":17782,"href":"https:\/\/thecamelia-bijoux.com\/en\/wp-json\/wp\/v2\/product\/17497\/revisions\/17782"}],"wp:featuredmedia":[{"embeddable":true,"href":"https:\/\/thecamelia-bijoux.com\/en\/wp-json\/wp\/v2\/media\/17503"}],"wp:attachment":[{"href":"https:\/\/thecamelia-bijoux.com\/en\/wp-json\/wp\/v2\/media?parent=17497"}],"wp:term":[{"taxonomy":"product_brand","embeddable":true,"href":"https:\/\/thecamelia-bijoux.com\/en\/wp-json\/wp\/v2\/product_brand?post=17497"},{"taxonomy":"product_cat","embeddable":true,"href":"https:\/\/thecamelia-bijoux.com\/en\/wp-json\/wp\/v2\/product_cat?post=17497"},{"taxonomy":"product_tag","embeddable":true,"href":"https:\/\/thecamelia-bijoux.com\/en\/wp-json\/wp\/v2\/product_tag?post=17497"}],"curies":[{"name":"wp","href":"https:\/\/api.w.org\/{rel}","templated":true}]}}