{"id":15796,"date":"2026-03-24T17:50:05","date_gmt":"2026-03-24T16:50:05","guid":{"rendered":"https:\/\/thecamelia-bijoux.com\/?post_type=product&#038;p=15796"},"modified":"2026-04-10T16:55:43","modified_gmt":"2026-04-10T14:55:43","slug":"boucles-doreilles-avant-arriere-asilah","status":"publish","type":"product","link":"https:\/\/thecamelia-bijoux.com\/en\/product\/boucles-doreilles-avant-arriere-asilah\/","title":{"rendered":"Asilah front-back earrings"},"content":{"rendered":"<div data-elementor-type=\"wp-post\" data-elementor-id=\"15796\" class=\"elementor elementor-15796\">\n\t\t\t\t\t\t<section class=\"elementor-section elementor-top-section elementor-element elementor-element-3a5d7dce elementor-section-boxed elementor-section-height-default elementor-section-height-default\" data-id=\"3a5d7dce\" data-element_type=\"section\" data-e-type=\"section\">\n\t\t\t\t\t\t<div class=\"elementor-container elementor-column-gap-default\">\n\t\t\t\t\t<div class=\"elementor-column elementor-col-100 elementor-top-column elementor-element elementor-element-66321276\" data-id=\"66321276\" data-element_type=\"column\" data-e-type=\"column\">\n\t\t\t<div class=\"elementor-widget-wrap elementor-element-populated\">\n\t\t\t\t\t\t<div class=\"elementor-element elementor-element-ae0d090 elementor-widget elementor-widget-text-editor\" data-id=\"ae0d090\" data-element_type=\"widget\" data-e-type=\"widget\" data-widget_type=\"text-editor.default\">\n\t\t\t\t<div class=\"elementor-widget-container\">\n\t\t\t\t\t\t\t\t\t<p style=\"font-size: 15px; font-style: normal; color: #01776b; font-family: Montserrat, sans-serif; text-align: justify;\">The <b>boucle<\/b><span style=\"font-weight: bold; font-size: 15px;\">s d&rsquo;oreilles avant-arri\u00e8re Asilah&nbsp;<\/span><span style=\"font-size: 15px; font-style: normal; font-weight: 400;\">pr\u00e9sentent&nbsp;<\/span><span style=\"font-size: 15px; font-style: normal; font-weight: 400;\">un motif per\u00e7\u00e9 en son centre tr\u00e8s ajour\u00e9<\/span><span style=\"font-size: 15px; font-style: normal; font-weight: 400;\">. Il est inspir\u00e9 par les bijoux berb\u00e8res.<\/span><span style=\"font-size: 15px; font-style: normal; font-weight: 400;\">&nbsp;<\/span><span style=\"font-size: 15px; font-style: normal;\">Dor\u00e9es \u00e0 l\u2019or fin 24 carats, ces boucles d&rsquo;oreilles sont compos\u00e9es d&rsquo;un pendentif orn\u00e9 d&rsquo;une&nbsp;<\/span><span style=\"font-size: 15px; font-style: normal; font-weight: bold;\">Fez embroidery done by hand<\/span><span style=\"font-size: 15px; font-style: normal;\">&nbsp;en fil de coton. Le pendentif est rattach\u00e9 \u00e0 une cha\u00eenette elle-m\u00eame reli\u00e9e au fermoir de la boucle d&rsquo;oreille. La cha\u00eenette fait donc le tour de votre lobe puisqu&rsquo;elle lie le pendentif sur le devant au fermoir situ\u00e9 derri\u00e8re le lobe. Au final, c&rsquo;est une forme de boucles d&rsquo;oreilles totalement in\u00e9dite et originale, mais qui reste tr\u00e8s \u00e9l\u00e9gante. <\/span><b>Le gros plus?<\/b><span style=\"font-size: 15px; font-style: normal;\"> Vous ne perdrez plus jamais les fermoirs de vos boucles d&rsquo;oreilles puisqu&rsquo;ils sont rattach\u00e9s aux boucles d&rsquo;oreilles!&nbsp;<\/span><\/p>\n<p style=\"font-size: 15px; font-style: normal; color: #01776b; font-family: Montserrat, sans-serif; text-align: justify;\">Comme toujours, les pendentifs sont&nbsp;<b>they are perfectly identical on both sides&nbsp;<\/b><span style=\"font-size: 15px; font-style: normal;\">gr\u00e2ce \u00e0 la magie de la broderie de F\u00e8s. Voil\u00e0 donc une paire de boucles d&rsquo;oreilles qui en interpelleront plus d&rsquo;un!&nbsp;<\/span><\/p>\n<p style=\"font-size: 15px; font-style: normal; color: #01776b; font-family: Montserrat, sans-serif; text-align: justify;\"><span style=\"font-size: 15px; font-style: normal; font-weight: 400;\">Ces boucles d&rsquo;oreilles&nbsp;<\/span><span style=\"font-size: 15px; font-style: normal; font-weight: 400; font-kerning: none;\">portent le nom de la charmante ville&nbsp;<\/span><span style=\"font-size: 15px; font-style: normal; font-weight: bold; font-kerning: none;\">d\u2019Asilah<\/span><span style=\"font-size: 15px; font-style: normal; font-weight: 400; font-kerning: none;\">, situ\u00e9e au nord du Maroc, non loin de Tanger. Sa m\u00e9dina aux murs immacul\u00e9s est r\u00e9put\u00e9e pour ses nomrbeuses fresques murales r\u00e9alis\u00e9e par des artistes du monde entier chaque ann\u00e9e \u00e0 l\u2019occasion du festival international culturel.<\/span><\/p>\n<ul style=\"font-size: 15px; font-style: normal; font-weight: 400; color: #01776b; font-family: Montserrat, sans-serif; text-align: justify;\">\n<li style=\"font-size: 15px;\">Front and back earrings made of brass gilded with fine gold and embroidered with cotton threads<\/li>\n<li style=\"font-size: 15px;\"><span style=\"font-size: 15px;\">Stud earrings with chain connected to the pusher \/ clasp<\/span><\/li>\n<li style=\"font-size: 15px;\"><span style=\"font-size: 15px;\">Length of the earrings: approx 3,5 cm<\/span><\/li>\n<li style=\"font-size: 15px;\">Pendants dimensions:<span style=\"font-size: 15px; font-style: normal; font-weight: 400;\">&nbsp;<\/span><span style=\"font-size: 15px; font-style: italic; font-weight: 400; font-kerning: none;\">2,1 cm de long et 1,7 cm de largeur (au plus large)<\/span><\/li>\n<li style=\"font-size: 15px;\">Identical embroidery on both sides&nbsp;<\/li>\n<li style=\"font-size: 15px;\"><span style=\"font-size: 15px;\">Available in 5 colors<\/span><\/li>\n<li style=\"font-size: 15px;\">Drawn, gilded and embroidered in&nbsp;<span style=\"font-size: 15px; font-weight: bold;\">FRANCE&nbsp;<\/span>or<span style=\"font-size: 15px; font-weight: bold;\"> GERMANY&nbsp;<\/span><span style=\"font-size: 15px;\">(depending on where I am when I embroider your order)<\/span><\/li>\n<li style=\"font-size: 15px;\">Earrings delivered in their case with the brands logo<\/li>\n<\/ul>\n<div style=\"text-align: justify;\"><i style=\"font-family: Montserrat, sans-serif; color: #01776b;\">Each piece of jewelry is unique and may therefore vary slightly from the photos.<br><\/i><i style=\"font-family: Montserrat, sans-serif; color: #01776b;\"><br><\/i><\/div>\n<p style=\"font-size: 15px; font-style: normal; font-weight: 400; color: #01776b; font-family: Montserrat, sans-serif; text-align: justify;\"><span style=\"font-size: 15px; font-weight: bold;\">If the proposed colors do not suit you, I can embroider these earrings in the color of your choice.<\/span>&nbsp;Do not hesitate to contact me&nbsp;<a style=\"font-size: 15px; background-color: #ffe5d7;\" href=\"https:\/\/thecamelia-bijoux.com\/en\/contact\/\" target=\"_blank\" rel=\"noopener\"><u>by clicking there<\/u><\/a>.<\/p>\n<p style=\"font-size: 15px; font-style: normal; font-weight: 400; color: #01776b; font-family: Montserrat, sans-serif; text-align: justify;\">Finally, if you have any questions about this model, do not hesitate to contact me!<\/p>\t\t\t\t\t\t\t\t<\/div>\n\t\t\t\t<\/div>\n\t\t\t\t\t<\/div>\n\t\t<\/div>\n\t\t\t\t\t<\/div>\n\t\t<\/section>\n\t\t\t\t<\/div>","protected":false},"excerpt":{"rendered":"<p>Boucles d&rsquo;oreilles avant-arri\u00e8re dor\u00e9es \u00e0 l\u2019or fin 24 carats et brod\u00e9es de fils de coton.<br \/>\n<strong>\u2193 Detailed description below \u2193<\/strong><\/p>","protected":false},"featured_media":17459,"template":"","meta":{"site-sidebar-layout":"default","site-content-layout":"default","ast-site-content-layout":"default","site-content-style":"default","site-sidebar-style":"default","ast-global-header-display":"","ast-banner-title-visibility":"","ast-main-header-display":"","ast-hfb-above-header-display":"","ast-hfb-below-header-display":"","ast-hfb-mobile-header-display":"","site-post-title":"","ast-breadcrumbs-content":"","ast-featured-img":"","footer-sml-layout":"","ast-disable-related-posts":"","theme-transparent-header-meta":"default","adv-header-id-meta":"","stick-header-meta":"","header-above-stick-meta":"","header-main-stick-meta":"","header-below-stick-meta":"","astra-migrate-meta-layouts":"set","ast-page-background-enabled":"default","ast-page-background-meta":{"desktop":{"background-color":"","background-image":"","background-repeat":"repeat","background-position":"center center","background-size":"auto","background-attachment":"scroll","background-type":"","background-media":"","overlay-type":"","overlay-color":"","overlay-opacity":"","overlay-gradient":""},"tablet":{"background-color":"","background-image":"","background-repeat":"repeat","background-position":"center center","background-size":"auto","background-attachment":"scroll","background-type":"","background-media":"","overlay-type":"","overlay-color":"","overlay-opacity":"","overlay-gradient":""},"mobile":{"background-color":"","background-image":"","background-repeat":"repeat","background-position":"center center","background-size":"auto","background-attachment":"scroll","background-type":"","background-media":"","overlay-type":"","overlay-color":"","overlay-opacity":"","overlay-gradient":""}},"ast-content-background-meta":{"desktop":{"background-color":"var(--ast-global-color-5)","background-image":"","background-repeat":"repeat","background-position":"center center","background-size":"auto","background-attachment":"scroll","background-type":"","background-media":"","overlay-type":"","overlay-color":"","overlay-opacity":"","overlay-gradient":""},"tablet":{"background-color":"var(--ast-global-color-5)","background-image":"","background-repeat":"repeat","background-position":"center center","background-size":"auto","background-attachment":"scroll","background-type":"","background-media":"","overlay-type":"","overlay-color":"","overlay-opacity":"","overlay-gradient":""},"mobile":{"background-color":"var(--ast-global-color-5)","background-image":"","background-repeat":"repeat","background-position":"center center","background-size":"auto","background-attachment":"scroll","background-type":"","background-media":"","overlay-type":"","overlay-color":"","overlay-opacity":"","overlay-gradient":""}},"jetpack_post_was_ever_published":true},"product_brand":[],"product_cat":[18],"product_tag":[42],"class_list":{"0":"post-15796","1":"product","2":"type-product","3":"status-publish","4":"has-post-thumbnail","6":"product_cat-boucles-doreilles","7":"product_tag-minis","8":"desktop-align-left","9":"tablet-align-left","10":"mobile-align-left","12":"first","13":"instock","14":"purchasable","15":"product-type-variable"},"yoast_head":"<!-- This site is optimized with the Yoast SEO plugin v27.3 - https:\/\/yoast.com\/product\/yoast-seo-wordpress\/ -->\n<title>Boucles d&#039;oreilles avant-arri\u00e8re Asilah - The Camelia bijoux<\/title>\n<meta name=\"description\" content=\"Boucles d&#039;oreilles avant-arri\u00e8re Asilah brod\u00e9es \u00e0 la main et dor\u00e9es \u00e0 l&#039;or fin. Ultra odernes avec leur cha\u00eene faisant le tour du lobe\" \/>\n<meta name=\"robots\" content=\"index, follow, max-snippet:-1, max-image-preview:large, max-video-preview:-1\" \/>\n<link rel=\"canonical\" href=\"https:\/\/thecamelia-bijoux.com\/en\/product\/boucles-doreilles-avant-arriere-asilah\/\" \/>\n<meta property=\"og:locale\" content=\"en_GB\" \/>\n<meta property=\"og:type\" content=\"article\" \/>\n<meta property=\"og:title\" content=\"Boucles d&#039;oreilles avant-arri\u00e8re Asilah - The Camelia bijoux\" \/>\n<meta property=\"og:description\" content=\"Boucles d&#039;oreilles avant-arri\u00e8re Asilah brod\u00e9es \u00e0 la main et dor\u00e9es \u00e0 l&#039;or fin. Ultra odernes avec leur cha\u00eene faisant le tour du lobe\" \/>\n<meta property=\"og:url\" content=\"https:\/\/thecamelia-bijoux.com\/en\/product\/boucles-doreilles-avant-arriere-asilah\/\" \/>\n<meta property=\"og:site_name\" content=\"The Camelia bijoux\" \/>\n<meta property=\"article:modified_time\" content=\"2026-04-10T14:55:43+00:00\" \/>\n<meta property=\"og:image\" content=\"https:\/\/thecamelia-bijoux.com\/wp-content\/uploads\/2025\/03\/Boucles-doreilles-avant-arriere-Asilah-5-couleurs-.png\" \/>\n\t<meta property=\"og:image:width\" content=\"1300\" \/>\n\t<meta property=\"og:image:height\" content=\"1300\" \/>\n\t<meta property=\"og:image:type\" content=\"image\/png\" \/>\n<meta name=\"twitter:card\" content=\"summary_large_image\" \/>\n<meta name=\"twitter:label1\" content=\"Estimated reading time\" \/>\n\t<meta name=\"twitter:data1\" content=\"2 minutes\" \/>\n<script type=\"application\/ld+json\" class=\"yoast-schema-graph\">{\"@context\":\"https:\\\/\\\/schema.org\",\"@graph\":[{\"@type\":\"WebPage\",\"@id\":\"https:\\\/\\\/thecamelia-bijoux.com\\\/produit\\\/boucles-doreilles-avant-arriere-asilah\\\/\",\"url\":\"https:\\\/\\\/thecamelia-bijoux.com\\\/produit\\\/boucles-doreilles-avant-arriere-asilah\\\/\",\"name\":\"Boucles d'oreilles avant-arri\u00e8re Asilah - The Camelia bijoux\",\"isPartOf\":{\"@id\":\"https:\\\/\\\/thecamelia-bijoux.com\\\/#website\"},\"primaryImageOfPage\":{\"@id\":\"https:\\\/\\\/thecamelia-bijoux.com\\\/produit\\\/boucles-doreilles-avant-arriere-asilah\\\/#primaryimage\"},\"image\":{\"@id\":\"https:\\\/\\\/thecamelia-bijoux.com\\\/produit\\\/boucles-doreilles-avant-arriere-asilah\\\/#primaryimage\"},\"thumbnailUrl\":\"https:\\\/\\\/i0.wp.com\\\/thecamelia-bijoux.com\\\/wp-content\\\/uploads\\\/2025\\\/03\\\/Boucles-doreilles-avant-arriere-Asilah-5-couleurs-.png?fit=1300%2C1300&ssl=1\",\"datePublished\":\"2026-03-24T16:50:05+00:00\",\"dateModified\":\"2026-04-10T14:55:43+00:00\",\"description\":\"Boucles d'oreilles avant-arri\u00e8re Asilah brod\u00e9es \u00e0 la main et dor\u00e9es \u00e0 l'or fin. Ultra odernes avec leur cha\u00eene faisant le tour du lobe\",\"breadcrumb\":{\"@id\":\"https:\\\/\\\/thecamelia-bijoux.com\\\/produit\\\/boucles-doreilles-avant-arriere-asilah\\\/#breadcrumb\"},\"inLanguage\":\"en-GB\",\"potentialAction\":[{\"@type\":\"ReadAction\",\"target\":[\"https:\\\/\\\/thecamelia-bijoux.com\\\/produit\\\/boucles-doreilles-avant-arriere-asilah\\\/\"]}]},{\"@type\":\"ImageObject\",\"inLanguage\":\"en-GB\",\"@id\":\"https:\\\/\\\/thecamelia-bijoux.com\\\/produit\\\/boucles-doreilles-avant-arriere-asilah\\\/#primaryimage\",\"url\":\"https:\\\/\\\/i0.wp.com\\\/thecamelia-bijoux.com\\\/wp-content\\\/uploads\\\/2025\\\/03\\\/Boucles-doreilles-avant-arriere-Asilah-5-couleurs-.png?fit=1300%2C1300&ssl=1\",\"contentUrl\":\"https:\\\/\\\/i0.wp.com\\\/thecamelia-bijoux.com\\\/wp-content\\\/uploads\\\/2025\\\/03\\\/Boucles-doreilles-avant-arriere-Asilah-5-couleurs-.png?fit=1300%2C1300&ssl=1\",\"width\":1300,\"height\":1300},{\"@type\":\"BreadcrumbList\",\"@id\":\"https:\\\/\\\/thecamelia-bijoux.com\\\/produit\\\/boucles-doreilles-avant-arriere-asilah\\\/#breadcrumb\",\"itemListElement\":[{\"@type\":\"ListItem\",\"position\":1,\"name\":\"Accueil\",\"item\":\"https:\\\/\\\/thecamelia-bijoux.com\\\/\"},{\"@type\":\"ListItem\",\"position\":2,\"name\":\"E-shop\",\"item\":\"https:\\\/\\\/thecamelia-bijoux.com\\\/eshop\\\/\"},{\"@type\":\"ListItem\",\"position\":3,\"name\":\"Boucles d&rsquo;oreilles avant-arri\u00e8re Asilah\"}]},{\"@type\":\"WebSite\",\"@id\":\"https:\\\/\\\/thecamelia-bijoux.com\\\/#website\",\"url\":\"https:\\\/\\\/thecamelia-bijoux.com\\\/\",\"name\":\"The Camelia bijoux\",\"description\":\"Bijoux brod\u00e9s \u00e0 la main inspir\u00e9s du Maroc\",\"publisher\":{\"@id\":\"https:\\\/\\\/thecamelia-bijoux.com\\\/#organization\"},\"potentialAction\":[{\"@type\":\"SearchAction\",\"target\":{\"@type\":\"EntryPoint\",\"urlTemplate\":\"https:\\\/\\\/thecamelia-bijoux.com\\\/?s={search_term_string}\"},\"query-input\":{\"@type\":\"PropertyValueSpecification\",\"valueRequired\":true,\"valueName\":\"search_term_string\"}}],\"inLanguage\":\"en-GB\"},{\"@type\":\"Organization\",\"@id\":\"https:\\\/\\\/thecamelia-bijoux.com\\\/#organization\",\"name\":\"The Camelia bijoux\",\"url\":\"https:\\\/\\\/thecamelia-bijoux.com\\\/\",\"logo\":{\"@type\":\"ImageObject\",\"inLanguage\":\"en-GB\",\"@id\":\"https:\\\/\\\/thecamelia-bijoux.com\\\/#\\\/schema\\\/logo\\\/image\\\/\",\"url\":\"https:\\\/\\\/i0.wp.com\\\/thecamelia-bijoux.com\\\/wp-content\\\/uploads\\\/2019\\\/02\\\/test-logo-bleu.png?fit=227%2C108&ssl=1\",\"contentUrl\":\"https:\\\/\\\/i0.wp.com\\\/thecamelia-bijoux.com\\\/wp-content\\\/uploads\\\/2019\\\/02\\\/test-logo-bleu.png?fit=227%2C108&ssl=1\",\"width\":227,\"height\":108,\"caption\":\"The Camelia bijoux\"},\"image\":{\"@id\":\"https:\\\/\\\/thecamelia-bijoux.com\\\/#\\\/schema\\\/logo\\\/image\\\/\"}}]}<\/script>\n<!-- \/ Yoast SEO plugin. -->","yoast_head_json":{"title":"Boucles d'oreilles avant-arri\u00e8re Asilah - The Camelia bijoux","description":"Boucles d'oreilles avant-arri\u00e8re Asilah brod\u00e9es \u00e0 la main et dor\u00e9es \u00e0 l'or fin. Ultra odernes avec leur cha\u00eene faisant le tour du lobe","robots":{"index":"index","follow":"follow","max-snippet":"max-snippet:-1","max-image-preview":"max-image-preview:large","max-video-preview":"max-video-preview:-1"},"canonical":"https:\/\/thecamelia-bijoux.com\/en\/product\/boucles-doreilles-avant-arriere-asilah\/","og_locale":"en_GB","og_type":"article","og_title":"Boucles d'oreilles avant-arri\u00e8re Asilah - The Camelia bijoux","og_description":"Boucles d'oreilles avant-arri\u00e8re Asilah brod\u00e9es \u00e0 la main et dor\u00e9es \u00e0 l'or fin. Ultra odernes avec leur cha\u00eene faisant le tour du lobe","og_url":"https:\/\/thecamelia-bijoux.com\/en\/product\/boucles-doreilles-avant-arriere-asilah\/","og_site_name":"The Camelia bijoux","article_modified_time":"2026-04-10T14:55:43+00:00","og_image":[{"width":1300,"height":1300,"url":"https:\/\/thecamelia-bijoux.com\/wp-content\/uploads\/2025\/03\/Boucles-doreilles-avant-arriere-Asilah-5-couleurs-.png","type":"image\/png"}],"twitter_card":"summary_large_image","twitter_misc":{"Estimated reading time":"2 minutes"},"schema":{"@context":"https:\/\/schema.org","@graph":[{"@type":"WebPage","@id":"https:\/\/thecamelia-bijoux.com\/produit\/boucles-doreilles-avant-arriere-asilah\/","url":"https:\/\/thecamelia-bijoux.com\/produit\/boucles-doreilles-avant-arriere-asilah\/","name":"Boucles d'oreilles avant-arri\u00e8re Asilah - The Camelia bijoux","isPartOf":{"@id":"https:\/\/thecamelia-bijoux.com\/#website"},"primaryImageOfPage":{"@id":"https:\/\/thecamelia-bijoux.com\/produit\/boucles-doreilles-avant-arriere-asilah\/#primaryimage"},"image":{"@id":"https:\/\/thecamelia-bijoux.com\/produit\/boucles-doreilles-avant-arriere-asilah\/#primaryimage"},"thumbnailUrl":"https:\/\/i0.wp.com\/thecamelia-bijoux.com\/wp-content\/uploads\/2025\/03\/Boucles-doreilles-avant-arriere-Asilah-5-couleurs-.png?fit=1300%2C1300&ssl=1","datePublished":"2026-03-24T16:50:05+00:00","dateModified":"2026-04-10T14:55:43+00:00","description":"Boucles d'oreilles avant-arri\u00e8re Asilah brod\u00e9es \u00e0 la main et dor\u00e9es \u00e0 l'or fin. Ultra odernes avec leur cha\u00eene faisant le tour du lobe","breadcrumb":{"@id":"https:\/\/thecamelia-bijoux.com\/produit\/boucles-doreilles-avant-arriere-asilah\/#breadcrumb"},"inLanguage":"en-GB","potentialAction":[{"@type":"ReadAction","target":["https:\/\/thecamelia-bijoux.com\/produit\/boucles-doreilles-avant-arriere-asilah\/"]}]},{"@type":"ImageObject","inLanguage":"en-GB","@id":"https:\/\/thecamelia-bijoux.com\/produit\/boucles-doreilles-avant-arriere-asilah\/#primaryimage","url":"https:\/\/i0.wp.com\/thecamelia-bijoux.com\/wp-content\/uploads\/2025\/03\/Boucles-doreilles-avant-arriere-Asilah-5-couleurs-.png?fit=1300%2C1300&ssl=1","contentUrl":"https:\/\/i0.wp.com\/thecamelia-bijoux.com\/wp-content\/uploads\/2025\/03\/Boucles-doreilles-avant-arriere-Asilah-5-couleurs-.png?fit=1300%2C1300&ssl=1","width":1300,"height":1300},{"@type":"BreadcrumbList","@id":"https:\/\/thecamelia-bijoux.com\/produit\/boucles-doreilles-avant-arriere-asilah\/#breadcrumb","itemListElement":[{"@type":"ListItem","position":1,"name":"Accueil","item":"https:\/\/thecamelia-bijoux.com\/"},{"@type":"ListItem","position":2,"name":"E-shop","item":"https:\/\/thecamelia-bijoux.com\/eshop\/"},{"@type":"ListItem","position":3,"name":"Boucles d&rsquo;oreilles avant-arri\u00e8re Asilah"}]},{"@type":"WebSite","@id":"https:\/\/thecamelia-bijoux.com\/#website","url":"https:\/\/thecamelia-bijoux.com\/","name":"The Camelia bijoux","description":"Bijoux brod\u00e9s \u00e0 la main inspir\u00e9s du Maroc","publisher":{"@id":"https:\/\/thecamelia-bijoux.com\/#organization"},"potentialAction":[{"@type":"SearchAction","target":{"@type":"EntryPoint","urlTemplate":"https:\/\/thecamelia-bijoux.com\/?s={search_term_string}"},"query-input":{"@type":"PropertyValueSpecification","valueRequired":true,"valueName":"search_term_string"}}],"inLanguage":"en-GB"},{"@type":"Organization","@id":"https:\/\/thecamelia-bijoux.com\/#organization","name":"The Camelia bijoux","url":"https:\/\/thecamelia-bijoux.com\/","logo":{"@type":"ImageObject","inLanguage":"en-GB","@id":"https:\/\/thecamelia-bijoux.com\/#\/schema\/logo\/image\/","url":"https:\/\/i0.wp.com\/thecamelia-bijoux.com\/wp-content\/uploads\/2019\/02\/test-logo-bleu.png?fit=227%2C108&ssl=1","contentUrl":"https:\/\/i0.wp.com\/thecamelia-bijoux.com\/wp-content\/uploads\/2019\/02\/test-logo-bleu.png?fit=227%2C108&ssl=1","width":227,"height":108,"caption":"The Camelia bijoux"},"image":{"@id":"https:\/\/thecamelia-bijoux.com\/#\/schema\/logo\/image\/"}}]}},"jetpack_sharing_enabled":true,"_links":{"self":[{"href":"https:\/\/thecamelia-bijoux.com\/en\/wp-json\/wp\/v2\/product\/15796","targetHints":{"allow":["GET"]}}],"collection":[{"href":"https:\/\/thecamelia-bijoux.com\/en\/wp-json\/wp\/v2\/product"}],"about":[{"href":"https:\/\/thecamelia-bijoux.com\/en\/wp-json\/wp\/v2\/types\/product"}],"version-history":[{"count":9,"href":"https:\/\/thecamelia-bijoux.com\/en\/wp-json\/wp\/v2\/product\/15796\/revisions"}],"predecessor-version":[{"id":17463,"href":"https:\/\/thecamelia-bijoux.com\/en\/wp-json\/wp\/v2\/product\/15796\/revisions\/17463"}],"wp:featuredmedia":[{"embeddable":true,"href":"https:\/\/thecamelia-bijoux.com\/en\/wp-json\/wp\/v2\/media\/17459"}],"wp:attachment":[{"href":"https:\/\/thecamelia-bijoux.com\/en\/wp-json\/wp\/v2\/media?parent=15796"}],"wp:term":[{"taxonomy":"product_brand","embeddable":true,"href":"https:\/\/thecamelia-bijoux.com\/en\/wp-json\/wp\/v2\/product_brand?post=15796"},{"taxonomy":"product_cat","embeddable":true,"href":"https:\/\/thecamelia-bijoux.com\/en\/wp-json\/wp\/v2\/product_cat?post=15796"},{"taxonomy":"product_tag","embeddable":true,"href":"https:\/\/thecamelia-bijoux.com\/en\/wp-json\/wp\/v2\/product_tag?post=15796"}],"curies":[{"name":"wp","href":"https:\/\/api.w.org\/{rel}","templated":true}]}}