{"id":14560,"date":"2026-03-24T17:50:17","date_gmt":"2026-03-24T16:50:17","guid":{"rendered":"https:\/\/thecamelia-bijoux.com\/?post_type=product&#038;p=14560"},"modified":"2026-04-10T16:19:09","modified_gmt":"2026-04-10T14:19:09","slug":"jonc-lihoudi","status":"publish","type":"product","link":"https:\/\/thecamelia-bijoux.com\/en\/product\/jonc-lihoudi\/","title":{"rendered":"Jonc Lihoudi"},"content":{"rendered":"<div data-elementor-type=\"wp-post\" data-elementor-id=\"14560\" class=\"elementor elementor-14560\">\n\t\t\t\t\t\t<section class=\"elementor-section elementor-top-section elementor-element elementor-element-3a5d7dce elementor-section-boxed elementor-section-height-default elementor-section-height-default\" data-id=\"3a5d7dce\" data-element_type=\"section\" data-e-type=\"section\">\n\t\t\t\t\t\t<div class=\"elementor-container elementor-column-gap-default\">\n\t\t\t\t\t<div class=\"elementor-column elementor-col-100 elementor-top-column elementor-element elementor-element-66321276\" data-id=\"66321276\" data-element_type=\"column\" data-e-type=\"column\">\n\t\t\t<div class=\"elementor-widget-wrap elementor-element-populated\">\n\t\t\t\t\t\t<div class=\"elementor-element elementor-element-ae0d090 elementor-widget elementor-widget-text-editor\" data-id=\"ae0d090\" data-element_type=\"widget\" data-e-type=\"widget\" data-widget_type=\"text-editor.default\">\n\t\t\t\t<div class=\"elementor-widget-container\">\n\t\t\t\t\t\t\t\t\t<p style=\"font-size: 15px; font-style: normal; font-weight: 400; color: #01776b; font-family: Montserrat, sans-serif; text-align: justify;\">The&nbsp;<span style=\"font-weight: bold;\">jonc Lihoudi&nbsp;<\/span>est compos\u00e9 d&rsquo;une partie fine et lisse au milieu de laquelle se trouve un motif ajour\u00e9 et trou\u00e9 en son centre. Ce motif est orn\u00e9 d&rsquo;une<span style=\"font-size: 15px; font-style: normal; font-weight: 400;\">&nbsp;<\/span><span style=\"font-size: 15px; font-style: normal; font-weight: bold;\">broderie r\u00e9alis\u00e9e \u00e0 la main<\/span><span style=\"font-size: 15px; font-style: normal; font-weight: 400;\">&nbsp;en fil de coton. La technique de broderie utilis\u00e9e est la broderie de F\u00e8s, une broderie traditionnelle marocaine qui a la particularit\u00e9 d&rsquo;\u00eatre identique des deux c\u00f4t\u00e9s! Le jonc est enti\u00e8rement dor\u00e9 \u00e0 l&rsquo;or fin 24 carats, il ne noircira donc pas!&nbsp;<\/span><\/p>\n<p style=\"font-size: 15px; font-style: normal; font-weight: 400; color: #01776b; font-family: Montserrat, sans-serif; text-align: justify;\"><span style=\"font-size: 15px; font-style: normal; font-weight: 400;\">Ce jonc&nbsp; fin, mais non moins solide se porte facilement au quotidien, seul ou en accumulation avec d\u2019autres bracelets. Il ne vous reste plus qu&rsquo;\u00e0 choisir parmi les 4 couleurs propos\u00e9es!&nbsp;<\/span><\/p>\n<p style=\"font-size: 15px; font-style: normal; font-weight: 400; color: #01776b; font-family: Montserrat, sans-serif; text-align: justify;\"><span style=\"font-size: 15px; font-style: normal; font-weight: 400;\">Ce&nbsp;jonc ajour\u00e9 porte le nom<\/span><span style=\"font-size: 15px; font-style: normal; font-weight: 400;\">&nbsp;de&nbsp;<\/span><span style=\"font-size: 15px; font-style: normal; font-weight: 400;\">Lihoudi en clin d\u2019oeil au&nbsp;<\/span><span style=\"font-size: 15px; font-style: normal; font-weight: 400;\"><span style=\"font-weight: 700;\">d\u00e9sert&nbsp;<\/span><\/span><span style=\"font-size: 15px; font-style: normal; font-weight: 400;\"><span style=\"font-size: 15px; font-weight: 700;\">Lihoudi<\/span>&nbsp;et ses somptueuses dunes de sables. Se rendre dans le d\u00e9sert, c\u2019est toujours une exp\u00e9rience \u00e0 part enti\u00e8re entre randonn\u00e9es dans les dunes la journ\u00e9e et observation des \u00e9toiles la nuit. L\u2019endroit parfait pour se ressourcer et prendre le temps.&nbsp;<\/span><\/p><ul style=\"font-size: 15px; font-style: normal; font-weight: 400; text-align: justify;\"><\/ul>\n<ul style=\"font-size: 15px; font-style: normal; color: rgb(1, 119, 107); font-family: Montserrat, sans-serif; text-align: justify;\"><span style=\"font-weight: 400; font-style: normal;\"><\/span><p><\/p>\n<li style=\"font-weight: 400; font-size: 15px;\"><span style=\"font-size: 15px; font-style: normal; font-weight: 400;\">Jonc<\/span>&nbsp;en laiton dor\u00e9 \u00e0 l\u2019or fin 24 carats et brod\u00e9 de fils de coton<\/li>\n<li style=\"font-weight: 400; font-size: 15px;\"><span style=\"font-size: 15px;\">Adjustable bangle at all wrist sizes<\/span><\/li>\n<li style=\"font-weight: 400; font-size: 15px;\">Dimensions : partie fine de 0,5 cm de largeur + partie brod\u00e9e de 2,5 cm de largeur au plus large<\/li>\n<li style=\"font-weight: 400; font-size: 15px;\">Identical embroidery on both sides&nbsp;<\/li>\n<li style=\"font-weight: 400; font-size: 15px;\"><span style=\"font-size: 15px;\">Available in 4 colors<\/span><br><\/li>\n<li style=\"font-size: 15px;\">Drawn, gilded and embroidered in<b> FRANCE<\/b>&nbsp;<span style=\"font-weight: 400; font-size: 15px; font-style: normal;\">or<\/span><span style=\"font-weight: bold; font-size: 15px; font-style: normal;\">&nbsp;GERMANY<\/span><span style=\"font-weight: bold; font-size: 15px; font-style: normal;\">&nbsp;<\/span><span style=\"font-weight: 400; font-size: 15px; font-style: normal;\">(depending on where I am when I embroider your order)<\/span><\/li>\n<li style=\"font-weight: 400; font-size: 15px;\">Bangle delivered in its pouch with the brands logo<\/li>\n<\/ul>\n<div style=\"text-align: justify;\"><i style=\"color: #01776b; font-family: Montserrat, sans-serif;\">Each piece of jewelry is unique and may therefore vary slightly from the photos.<\/i><br><i style=\"color: #01776b; font-family: Montserrat, sans-serif;\"><br><\/i><\/div>\n<p style=\"font-size: 15px; font-style: normal; font-weight: 400; color: #01776b; font-family: Montserrat, sans-serif; text-align: justify;\"><span style=\"font-size: 15px; font-weight: bold;\">If the proposed colors do not suit you, I can  embroider this bangle in the color of your choice.<\/span>&nbsp;Do not hesitate to contact me&nbsp;<a style=\"font-size: 15px; background-color: #ffe5d7;\" href=\"https:\/\/thecamelia-bijoux.com\/en\/contact\/\" target=\"_blank\" rel=\"noopener\"><u>by clicking there<\/u><\/a>.<\/p>\n<p style=\"font-size: 15px; font-style: normal; font-weight: 400; color: #01776b; font-family: Montserrat, sans-serif; text-align: justify;\">If you have any questions about this model, do not hesitate to contact me!<\/p>\t\t\t\t\t\t\t\t<\/div>\n\t\t\t\t<\/div>\n\t\t\t\t\t<\/div>\n\t\t<\/div>\n\t\t\t\t\t<\/div>\n\t\t<\/section>\n\t\t\t\t<\/div>","protected":false},"excerpt":{"rendered":"<p>Adjustable bangle gilded with fine gold and embroidered with cotton yarn.<br \/>\n<strong>\u2193 Detailed description below \u2193<\/strong><\/p>","protected":false},"featured_media":17358,"template":"","meta":{"site-sidebar-layout":"default","site-content-layout":"default","ast-site-content-layout":"default","site-content-style":"default","site-sidebar-style":"default","ast-global-header-display":"","ast-banner-title-visibility":"","ast-main-header-display":"","ast-hfb-above-header-display":"","ast-hfb-below-header-display":"","ast-hfb-mobile-header-display":"","site-post-title":"","ast-breadcrumbs-content":"","ast-featured-img":"","footer-sml-layout":"","ast-disable-related-posts":"","theme-transparent-header-meta":"default","adv-header-id-meta":"","stick-header-meta":"","header-above-stick-meta":"","header-main-stick-meta":"","header-below-stick-meta":"","astra-migrate-meta-layouts":"set","ast-page-background-enabled":"default","ast-page-background-meta":{"desktop":{"background-color":"","background-image":"","background-repeat":"repeat","background-position":"center center","background-size":"auto","background-attachment":"scroll","background-type":"","background-media":"","overlay-type":"","overlay-color":"","overlay-opacity":"","overlay-gradient":""},"tablet":{"background-color":"","background-image":"","background-repeat":"repeat","background-position":"center center","background-size":"auto","background-attachment":"scroll","background-type":"","background-media":"","overlay-type":"","overlay-color":"","overlay-opacity":"","overlay-gradient":""},"mobile":{"background-color":"","background-image":"","background-repeat":"repeat","background-position":"center center","background-size":"auto","background-attachment":"scroll","background-type":"","background-media":"","overlay-type":"","overlay-color":"","overlay-opacity":"","overlay-gradient":""}},"ast-content-background-meta":{"desktop":{"background-color":"var(--ast-global-color-5)","background-image":"","background-repeat":"repeat","background-position":"center center","background-size":"auto","background-attachment":"scroll","background-type":"","background-media":"","overlay-type":"","overlay-color":"","overlay-opacity":"","overlay-gradient":""},"tablet":{"background-color":"var(--ast-global-color-5)","background-image":"","background-repeat":"repeat","background-position":"center center","background-size":"auto","background-attachment":"scroll","background-type":"","background-media":"","overlay-type":"","overlay-color":"","overlay-opacity":"","overlay-gradient":""},"mobile":{"background-color":"var(--ast-global-color-5)","background-image":"","background-repeat":"repeat","background-position":"center center","background-size":"auto","background-attachment":"scroll","background-type":"","background-media":"","overlay-type":"","overlay-color":"","overlay-opacity":"","overlay-gradient":""}},"jetpack_post_was_ever_published":true},"product_brand":[],"product_cat":[22,17],"product_tag":[],"class_list":{"0":"post-14560","1":"product","2":"type-product","3":"status-publish","4":"has-post-thumbnail","6":"product_cat-bracelets","7":"product_cat-manchettes","8":"desktop-align-left","9":"tablet-align-left","10":"mobile-align-left","12":"first","13":"instock","14":"purchasable","15":"product-type-variable"},"yoast_head":"<!-- This site is optimized with the Yoast SEO plugin v27.3 - https:\/\/yoast.com\/product\/yoast-seo-wordpress\/ -->\n<title>Jonc Lihoudi - The Camelia bijoux<\/title>\n<meta name=\"description\" content=\"Jonc Lihoudi haute fantaisie dor\u00e9 \u00e0 l&#039;or fin 24 carats et brod\u00e9 \u00e0 la main. Jonc orn\u00e9 d&#039;une broderie de F\u00e8s, artisanat marocain ancestral.\" \/>\n<meta name=\"robots\" content=\"index, follow, max-snippet:-1, max-image-preview:large, max-video-preview:-1\" \/>\n<link rel=\"canonical\" href=\"https:\/\/thecamelia-bijoux.com\/en\/product\/jonc-lihoudi\/\" \/>\n<meta property=\"og:locale\" content=\"en_GB\" \/>\n<meta property=\"og:type\" content=\"article\" \/>\n<meta property=\"og:title\" content=\"Jonc Lihoudi - The Camelia bijoux\" \/>\n<meta property=\"og:description\" content=\"Jonc Lihoudi haute fantaisie dor\u00e9 \u00e0 l&#039;or fin 24 carats et brod\u00e9 \u00e0 la main. Jonc orn\u00e9 d&#039;une broderie de F\u00e8s, artisanat marocain ancestral.\" \/>\n<meta property=\"og:url\" content=\"https:\/\/thecamelia-bijoux.com\/en\/product\/jonc-lihoudi\/\" \/>\n<meta property=\"og:site_name\" content=\"The Camelia bijoux\" \/>\n<meta property=\"article:modified_time\" content=\"2026-04-10T14:19:09+00:00\" \/>\n<meta property=\"og:image\" content=\"https:\/\/thecamelia-bijoux.com\/wp-content\/uploads\/2024\/10\/Jonc-Lihoudi-4-couleurs-1-1.png\" \/>\n\t<meta property=\"og:image:width\" content=\"1300\" \/>\n\t<meta property=\"og:image:height\" content=\"1300\" \/>\n\t<meta property=\"og:image:type\" content=\"image\/png\" \/>\n<meta name=\"twitter:card\" content=\"summary_large_image\" \/>\n<meta name=\"twitter:label1\" content=\"Estimated reading time\" \/>\n\t<meta name=\"twitter:data1\" content=\"2 minutes\" \/>\n<script type=\"application\/ld+json\" class=\"yoast-schema-graph\">{\"@context\":\"https:\\\/\\\/schema.org\",\"@graph\":[{\"@type\":\"WebPage\",\"@id\":\"https:\\\/\\\/thecamelia-bijoux.com\\\/produit\\\/jonc-lihoudi\\\/\",\"url\":\"https:\\\/\\\/thecamelia-bijoux.com\\\/produit\\\/jonc-lihoudi\\\/\",\"name\":\"Jonc Lihoudi - The Camelia bijoux\",\"isPartOf\":{\"@id\":\"https:\\\/\\\/thecamelia-bijoux.com\\\/#website\"},\"primaryImageOfPage\":{\"@id\":\"https:\\\/\\\/thecamelia-bijoux.com\\\/produit\\\/jonc-lihoudi\\\/#primaryimage\"},\"image\":{\"@id\":\"https:\\\/\\\/thecamelia-bijoux.com\\\/produit\\\/jonc-lihoudi\\\/#primaryimage\"},\"thumbnailUrl\":\"https:\\\/\\\/i0.wp.com\\\/thecamelia-bijoux.com\\\/wp-content\\\/uploads\\\/2024\\\/10\\\/Jonc-Lihoudi-4-couleurs-1-1.png?fit=1300%2C1300&ssl=1\",\"datePublished\":\"2026-03-24T16:50:17+00:00\",\"dateModified\":\"2026-04-10T14:19:09+00:00\",\"description\":\"Jonc Lihoudi haute fantaisie dor\u00e9 \u00e0 l'or fin 24 carats et brod\u00e9 \u00e0 la main. Jonc orn\u00e9 d'une broderie de F\u00e8s, artisanat marocain ancestral.\",\"breadcrumb\":{\"@id\":\"https:\\\/\\\/thecamelia-bijoux.com\\\/produit\\\/jonc-lihoudi\\\/#breadcrumb\"},\"inLanguage\":\"en-GB\",\"potentialAction\":[{\"@type\":\"ReadAction\",\"target\":[\"https:\\\/\\\/thecamelia-bijoux.com\\\/produit\\\/jonc-lihoudi\\\/\"]}]},{\"@type\":\"ImageObject\",\"inLanguage\":\"en-GB\",\"@id\":\"https:\\\/\\\/thecamelia-bijoux.com\\\/produit\\\/jonc-lihoudi\\\/#primaryimage\",\"url\":\"https:\\\/\\\/i0.wp.com\\\/thecamelia-bijoux.com\\\/wp-content\\\/uploads\\\/2024\\\/10\\\/Jonc-Lihoudi-4-couleurs-1-1.png?fit=1300%2C1300&ssl=1\",\"contentUrl\":\"https:\\\/\\\/i0.wp.com\\\/thecamelia-bijoux.com\\\/wp-content\\\/uploads\\\/2024\\\/10\\\/Jonc-Lihoudi-4-couleurs-1-1.png?fit=1300%2C1300&ssl=1\",\"width\":1300,\"height\":1300},{\"@type\":\"BreadcrumbList\",\"@id\":\"https:\\\/\\\/thecamelia-bijoux.com\\\/produit\\\/jonc-lihoudi\\\/#breadcrumb\",\"itemListElement\":[{\"@type\":\"ListItem\",\"position\":1,\"name\":\"Accueil\",\"item\":\"https:\\\/\\\/thecamelia-bijoux.com\\\/\"},{\"@type\":\"ListItem\",\"position\":2,\"name\":\"E-shop\",\"item\":\"https:\\\/\\\/thecamelia-bijoux.com\\\/eshop\\\/\"},{\"@type\":\"ListItem\",\"position\":3,\"name\":\"Jonc Lihoudi\"}]},{\"@type\":\"WebSite\",\"@id\":\"https:\\\/\\\/thecamelia-bijoux.com\\\/#website\",\"url\":\"https:\\\/\\\/thecamelia-bijoux.com\\\/\",\"name\":\"The Camelia bijoux\",\"description\":\"Bijoux brod\u00e9s \u00e0 la main inspir\u00e9s du Maroc\",\"publisher\":{\"@id\":\"https:\\\/\\\/thecamelia-bijoux.com\\\/#organization\"},\"potentialAction\":[{\"@type\":\"SearchAction\",\"target\":{\"@type\":\"EntryPoint\",\"urlTemplate\":\"https:\\\/\\\/thecamelia-bijoux.com\\\/?s={search_term_string}\"},\"query-input\":{\"@type\":\"PropertyValueSpecification\",\"valueRequired\":true,\"valueName\":\"search_term_string\"}}],\"inLanguage\":\"en-GB\"},{\"@type\":\"Organization\",\"@id\":\"https:\\\/\\\/thecamelia-bijoux.com\\\/#organization\",\"name\":\"The Camelia bijoux\",\"url\":\"https:\\\/\\\/thecamelia-bijoux.com\\\/\",\"logo\":{\"@type\":\"ImageObject\",\"inLanguage\":\"en-GB\",\"@id\":\"https:\\\/\\\/thecamelia-bijoux.com\\\/#\\\/schema\\\/logo\\\/image\\\/\",\"url\":\"https:\\\/\\\/i0.wp.com\\\/thecamelia-bijoux.com\\\/wp-content\\\/uploads\\\/2019\\\/02\\\/test-logo-bleu.png?fit=227%2C108&ssl=1\",\"contentUrl\":\"https:\\\/\\\/i0.wp.com\\\/thecamelia-bijoux.com\\\/wp-content\\\/uploads\\\/2019\\\/02\\\/test-logo-bleu.png?fit=227%2C108&ssl=1\",\"width\":227,\"height\":108,\"caption\":\"The Camelia bijoux\"},\"image\":{\"@id\":\"https:\\\/\\\/thecamelia-bijoux.com\\\/#\\\/schema\\\/logo\\\/image\\\/\"}}]}<\/script>\n<!-- \/ Yoast SEO plugin. -->","yoast_head_json":{"title":"Jonc Lihoudi - The Camelia bijoux","description":"Jonc Lihoudi haute fantaisie dor\u00e9 \u00e0 l'or fin 24 carats et brod\u00e9 \u00e0 la main. Jonc orn\u00e9 d'une broderie de F\u00e8s, artisanat marocain ancestral.","robots":{"index":"index","follow":"follow","max-snippet":"max-snippet:-1","max-image-preview":"max-image-preview:large","max-video-preview":"max-video-preview:-1"},"canonical":"https:\/\/thecamelia-bijoux.com\/en\/product\/jonc-lihoudi\/","og_locale":"en_GB","og_type":"article","og_title":"Jonc Lihoudi - The Camelia bijoux","og_description":"Jonc Lihoudi haute fantaisie dor\u00e9 \u00e0 l'or fin 24 carats et brod\u00e9 \u00e0 la main. Jonc orn\u00e9 d'une broderie de F\u00e8s, artisanat marocain ancestral.","og_url":"https:\/\/thecamelia-bijoux.com\/en\/product\/jonc-lihoudi\/","og_site_name":"The Camelia bijoux","article_modified_time":"2026-04-10T14:19:09+00:00","og_image":[{"width":1300,"height":1300,"url":"https:\/\/thecamelia-bijoux.com\/wp-content\/uploads\/2024\/10\/Jonc-Lihoudi-4-couleurs-1-1.png","type":"image\/png"}],"twitter_card":"summary_large_image","twitter_misc":{"Estimated reading time":"2 minutes"},"schema":{"@context":"https:\/\/schema.org","@graph":[{"@type":"WebPage","@id":"https:\/\/thecamelia-bijoux.com\/produit\/jonc-lihoudi\/","url":"https:\/\/thecamelia-bijoux.com\/produit\/jonc-lihoudi\/","name":"Jonc Lihoudi - The Camelia bijoux","isPartOf":{"@id":"https:\/\/thecamelia-bijoux.com\/#website"},"primaryImageOfPage":{"@id":"https:\/\/thecamelia-bijoux.com\/produit\/jonc-lihoudi\/#primaryimage"},"image":{"@id":"https:\/\/thecamelia-bijoux.com\/produit\/jonc-lihoudi\/#primaryimage"},"thumbnailUrl":"https:\/\/i0.wp.com\/thecamelia-bijoux.com\/wp-content\/uploads\/2024\/10\/Jonc-Lihoudi-4-couleurs-1-1.png?fit=1300%2C1300&ssl=1","datePublished":"2026-03-24T16:50:17+00:00","dateModified":"2026-04-10T14:19:09+00:00","description":"Jonc Lihoudi haute fantaisie dor\u00e9 \u00e0 l'or fin 24 carats et brod\u00e9 \u00e0 la main. Jonc orn\u00e9 d'une broderie de F\u00e8s, artisanat marocain ancestral.","breadcrumb":{"@id":"https:\/\/thecamelia-bijoux.com\/produit\/jonc-lihoudi\/#breadcrumb"},"inLanguage":"en-GB","potentialAction":[{"@type":"ReadAction","target":["https:\/\/thecamelia-bijoux.com\/produit\/jonc-lihoudi\/"]}]},{"@type":"ImageObject","inLanguage":"en-GB","@id":"https:\/\/thecamelia-bijoux.com\/produit\/jonc-lihoudi\/#primaryimage","url":"https:\/\/i0.wp.com\/thecamelia-bijoux.com\/wp-content\/uploads\/2024\/10\/Jonc-Lihoudi-4-couleurs-1-1.png?fit=1300%2C1300&ssl=1","contentUrl":"https:\/\/i0.wp.com\/thecamelia-bijoux.com\/wp-content\/uploads\/2024\/10\/Jonc-Lihoudi-4-couleurs-1-1.png?fit=1300%2C1300&ssl=1","width":1300,"height":1300},{"@type":"BreadcrumbList","@id":"https:\/\/thecamelia-bijoux.com\/produit\/jonc-lihoudi\/#breadcrumb","itemListElement":[{"@type":"ListItem","position":1,"name":"Accueil","item":"https:\/\/thecamelia-bijoux.com\/"},{"@type":"ListItem","position":2,"name":"E-shop","item":"https:\/\/thecamelia-bijoux.com\/eshop\/"},{"@type":"ListItem","position":3,"name":"Jonc Lihoudi"}]},{"@type":"WebSite","@id":"https:\/\/thecamelia-bijoux.com\/#website","url":"https:\/\/thecamelia-bijoux.com\/","name":"The Camelia bijoux","description":"Bijoux brod\u00e9s \u00e0 la main inspir\u00e9s du Maroc","publisher":{"@id":"https:\/\/thecamelia-bijoux.com\/#organization"},"potentialAction":[{"@type":"SearchAction","target":{"@type":"EntryPoint","urlTemplate":"https:\/\/thecamelia-bijoux.com\/?s={search_term_string}"},"query-input":{"@type":"PropertyValueSpecification","valueRequired":true,"valueName":"search_term_string"}}],"inLanguage":"en-GB"},{"@type":"Organization","@id":"https:\/\/thecamelia-bijoux.com\/#organization","name":"The Camelia bijoux","url":"https:\/\/thecamelia-bijoux.com\/","logo":{"@type":"ImageObject","inLanguage":"en-GB","@id":"https:\/\/thecamelia-bijoux.com\/#\/schema\/logo\/image\/","url":"https:\/\/i0.wp.com\/thecamelia-bijoux.com\/wp-content\/uploads\/2019\/02\/test-logo-bleu.png?fit=227%2C108&ssl=1","contentUrl":"https:\/\/i0.wp.com\/thecamelia-bijoux.com\/wp-content\/uploads\/2019\/02\/test-logo-bleu.png?fit=227%2C108&ssl=1","width":227,"height":108,"caption":"The Camelia bijoux"},"image":{"@id":"https:\/\/thecamelia-bijoux.com\/#\/schema\/logo\/image\/"}}]}},"jetpack_sharing_enabled":true,"_links":{"self":[{"href":"https:\/\/thecamelia-bijoux.com\/en\/wp-json\/wp\/v2\/product\/14560","targetHints":{"allow":["GET"]}}],"collection":[{"href":"https:\/\/thecamelia-bijoux.com\/en\/wp-json\/wp\/v2\/product"}],"about":[{"href":"https:\/\/thecamelia-bijoux.com\/en\/wp-json\/wp\/v2\/types\/product"}],"version-history":[{"count":5,"href":"https:\/\/thecamelia-bijoux.com\/en\/wp-json\/wp\/v2\/product\/14560\/revisions"}],"predecessor-version":[{"id":15301,"href":"https:\/\/thecamelia-bijoux.com\/en\/wp-json\/wp\/v2\/product\/14560\/revisions\/15301"}],"wp:featuredmedia":[{"embeddable":true,"href":"https:\/\/thecamelia-bijoux.com\/en\/wp-json\/wp\/v2\/media\/17358"}],"wp:attachment":[{"href":"https:\/\/thecamelia-bijoux.com\/en\/wp-json\/wp\/v2\/media?parent=14560"}],"wp:term":[{"taxonomy":"product_brand","embeddable":true,"href":"https:\/\/thecamelia-bijoux.com\/en\/wp-json\/wp\/v2\/product_brand?post=14560"},{"taxonomy":"product_cat","embeddable":true,"href":"https:\/\/thecamelia-bijoux.com\/en\/wp-json\/wp\/v2\/product_cat?post=14560"},{"taxonomy":"product_tag","embeddable":true,"href":"https:\/\/thecamelia-bijoux.com\/en\/wp-json\/wp\/v2\/product_tag?post=14560"}],"curies":[{"name":"wp","href":"https:\/\/api.w.org\/{rel}","templated":true}]}}