{"id":12816,"date":"2026-03-24T17:50:20","date_gmt":"2026-03-24T16:50:20","guid":{"rendered":"https:\/\/thecamelia-bijoux.com\/?post_type=product&#038;p=12816"},"modified":"2026-04-10T16:11:58","modified_gmt":"2026-04-10T14:11:58","slug":"boucles-doreilles-longues-atlas","status":"publish","type":"product","link":"https:\/\/thecamelia-bijoux.com\/en\/product\/boucles-doreilles-longues-atlas\/","title":{"rendered":"Boucles d&rsquo;oreilles longues Atlas"},"content":{"rendered":"<div data-elementor-type=\"wp-post\" data-elementor-id=\"12816\" class=\"elementor elementor-12816\">\n\t\t\t\t\t\t<section class=\"elementor-section elementor-top-section elementor-element elementor-element-3a5d7dce elementor-section-boxed elementor-section-height-default elementor-section-height-default\" data-id=\"3a5d7dce\" data-element_type=\"section\" data-e-type=\"section\">\n\t\t\t\t\t\t<div class=\"elementor-container elementor-column-gap-default\">\n\t\t\t\t\t<div class=\"elementor-column elementor-col-100 elementor-top-column elementor-element elementor-element-66321276\" data-id=\"66321276\" data-element_type=\"column\" data-e-type=\"column\">\n\t\t\t<div class=\"elementor-widget-wrap elementor-element-populated\">\n\t\t\t\t\t\t<div class=\"elementor-element elementor-element-ae0d090 elementor-widget elementor-widget-text-editor\" data-id=\"ae0d090\" data-element_type=\"widget\" data-e-type=\"widget\" data-widget_type=\"text-editor.default\">\n\t\t\t\t<div class=\"elementor-widget-container\">\n\t\t\t\t\t\t\t\t\t<p style=\"font-size: 15px; font-style: normal; color: #01776b; font-family: Montserrat, sans-serif; text-align: justify;\">The <b>boucle<\/b><span style=\"font-weight: bold; font-size: 15px;\">s d&rsquo;oreilles longues Atlas&nbsp;<\/span><span style=\"font-size: 15px;\">repr\u00e9sentent un motif trou\u00e9 en son centre tr\u00e8s original<\/span><span style=\"font-size: 15px; font-style: normal; font-weight: 400;\">.<\/span>&nbsp;Dor\u00e9es \u00e0 l\u2019or fin 24 carats, ces boucles d&rsquo;oreilles sont compos\u00e9es d&rsquo;un pendentif orn\u00e9 d&rsquo;une&nbsp;<span style=\"font-weight: bold; font-size: 15px;\">Fez embroidery done by hand<\/span>&nbsp;en fil de coton au bout d&rsquo;une cha\u00eene fine rattach\u00e9e \u00e0 un clou d&rsquo;oreille. Ces boucles d&rsquo;oreilles longues et pendantes virevoltent au rythme de vos pas. Mais pas d&rsquo;inqui\u00e9tudes, elles seront belles dans toutes circonstances puisqu&rsquo;elles sont&nbsp;<b>they are perfectly identical on both sides<\/b>. Tout cela&nbsp;gr\u00e2ce \u00e0 la magie de la broderie de F\u00e8s. Avec cette forme longue et allong\u00e9e, elles mettront en valeur votre port de t\u00eate!<\/p>\n<p style=\"font-size: 15px; font-style: normal; font-weight: 400; color: rgb(1, 119, 107); text-align: justify;\"><span style=\"font-size: 15px; font-style: normal; font-weight: 400;\">Ces boucles d\u2019oreilles portent<\/span><span style=\"font-size: 15px; font-style: normal; font-weight: 400;\">&nbsp;le nom<\/span><span style=\"font-size: 15px; font-style: normal; font-weight: 400;\">&nbsp;d\u2019<\/span><span style=\"font-size: 15px; font-style: normal;\"><span style=\"font-weight: 700;\">Atlas<\/span><\/span><span style=\"font-size: 15px; font-style: normal; font-weight: 400;\">&nbsp;en clin d\u2019oeil au c\u00e9l\u00e8bre massif montagneux du m\u00eame nom qui s\u2019\u00e9tend sur une grande partie du royaume marocain. Offrant des paysages \u00e0 couper le souffle, l\u2019Atlas forme une barri\u00e8re naturelle entre la mer M\u00e9diterrann\u00e9e et le Sahara.&nbsp;<\/span><\/p>\n<ul style=\"font-size: 15px; font-style: normal; font-weight: 400; color: #01776b; font-family: Montserrat, sans-serif; text-align: justify;\">\n<li style=\"font-size: 15px;\">Boucles d&rsquo;oreilles pendantes en laiton dor\u00e9 \u00e0 l\u2019or fin 24 carats et brod\u00e9es de fils de coton<\/li>\n<li style=\"font-size: 15px;\"><span style=\"font-size: 15px;\">Ear studs with pusher<\/span><\/li>\n<li style=\"font-size: 15px;\"><span style=\"font-size: 15px;\">Longueur des boucles d&rsquo;oreilles : 6,2 cm<\/span><\/li>\n<li style=\"font-size: 15px;\">Dimensions des pendentifs : 1,7 cm de longueur et 2,1 cm de largeur (au plus large)<\/li>\n<li style=\"font-size: 15px;\">Identical embroidery on both sides&nbsp;<\/li>\n<li style=\"font-size: 15px;\"><span style=\"font-size: 15px;\">Available in 5 colors<\/span><\/li>\n<li style=\"font-size: 15px;\">Drawn, gilded and embroidered in&nbsp;<span style=\"font-size: 15px; font-weight: bold;\">FRANCE&nbsp;<\/span>or<span style=\"font-size: 15px; font-style: normal; font-weight: bold;\">&nbsp;GERMANY<\/span><span style=\"font-size: 15px; font-style: normal; font-weight: bold;\">&nbsp;<\/span><span style=\"font-size: 15px; font-style: normal; font-weight: 400;\">(depending on where I am when I embroider your order)<\/span><\/li>\n<li style=\"font-size: 15px;\">Earrings delivered in their case with the brands logo<\/li>\n<\/ul>\n<div style=\"text-align: justify;\"><i style=\"font-family: Montserrat, sans-serif; color: #01776b;\">Each piece of jewelry is unique and may therefore vary slightly from the photos.<br><\/i><i style=\"font-family: Montserrat, sans-serif; color: #01776b;\"><br><\/i><\/div>\n<p style=\"font-size: 15px; font-style: normal; font-weight: 400; color: #01776b; font-family: Montserrat, sans-serif; text-align: justify;\"><span style=\"font-size: 15px; font-weight: bold;\">If the proposed colors do not suit you, I can embroider these earrings in the color of your choice.<\/span>&nbsp;Do not hesitate to contact me&nbsp;<a style=\"font-size: 15px; background-color: #ffe5d7;\" href=\"https:\/\/thecamelia-bijoux.com\/en\/contact\/\" target=\"_blank\" rel=\"noopener\"><u>by clicking there<\/u><\/a>.<\/p>\n<p style=\"font-size: 15px; font-style: normal; font-weight: 400; color: #01776b; font-family: Montserrat, sans-serif; text-align: justify;\">Finally, if you have any questions about this model, do not hesitate to contact me!<\/p>\t\t\t\t\t\t\t\t<\/div>\n\t\t\t\t<\/div>\n\t\t\t\t\t<\/div>\n\t\t<\/div>\n\t\t\t\t\t<\/div>\n\t\t<\/section>\n\t\t\t\t<\/div>","protected":false},"excerpt":{"rendered":"<p>Long earrings gilded with 24 carat fine gold and embroidered with cotton thread.<br \/>\n<strong>\u2193 Detailed description below \u2193<\/strong><\/p>","protected":false},"featured_media":17440,"template":"","meta":{"site-sidebar-layout":"default","site-content-layout":"default","ast-site-content-layout":"default","site-content-style":"default","site-sidebar-style":"default","ast-global-header-display":"","ast-banner-title-visibility":"","ast-main-header-display":"","ast-hfb-above-header-display":"","ast-hfb-below-header-display":"","ast-hfb-mobile-header-display":"","site-post-title":"","ast-breadcrumbs-content":"","ast-featured-img":"","footer-sml-layout":"","ast-disable-related-posts":"","theme-transparent-header-meta":"default","adv-header-id-meta":"","stick-header-meta":"","header-above-stick-meta":"","header-main-stick-meta":"","header-below-stick-meta":"","astra-migrate-meta-layouts":"set","ast-page-background-enabled":"default","ast-page-background-meta":{"desktop":{"background-color":"","background-image":"","background-repeat":"repeat","background-position":"center center","background-size":"auto","background-attachment":"scroll","background-type":"","background-media":"","overlay-type":"","overlay-color":"","overlay-opacity":"","overlay-gradient":""},"tablet":{"background-color":"","background-image":"","background-repeat":"repeat","background-position":"center center","background-size":"auto","background-attachment":"scroll","background-type":"","background-media":"","overlay-type":"","overlay-color":"","overlay-opacity":"","overlay-gradient":""},"mobile":{"background-color":"","background-image":"","background-repeat":"repeat","background-position":"center center","background-size":"auto","background-attachment":"scroll","background-type":"","background-media":"","overlay-type":"","overlay-color":"","overlay-opacity":"","overlay-gradient":""}},"ast-content-background-meta":{"desktop":{"background-color":"var(--ast-global-color-5)","background-image":"","background-repeat":"repeat","background-position":"center center","background-size":"auto","background-attachment":"scroll","background-type":"","background-media":"","overlay-type":"","overlay-color":"","overlay-opacity":"","overlay-gradient":""},"tablet":{"background-color":"var(--ast-global-color-5)","background-image":"","background-repeat":"repeat","background-position":"center center","background-size":"auto","background-attachment":"scroll","background-type":"","background-media":"","overlay-type":"","overlay-color":"","overlay-opacity":"","overlay-gradient":""},"mobile":{"background-color":"var(--ast-global-color-5)","background-image":"","background-repeat":"repeat","background-position":"center center","background-size":"auto","background-attachment":"scroll","background-type":"","background-media":"","overlay-type":"","overlay-color":"","overlay-opacity":"","overlay-gradient":""}},"jetpack_post_was_ever_published":true},"product_brand":[],"product_cat":[18],"product_tag":[42],"class_list":{"0":"post-12816","1":"product","2":"type-product","3":"status-publish","4":"has-post-thumbnail","6":"product_cat-boucles-doreilles","7":"product_tag-minis","8":"desktop-align-left","9":"tablet-align-left","10":"mobile-align-left","12":"first","13":"instock","14":"purchasable","15":"product-type-variable"},"yoast_head":"<!-- This site is optimized with the Yoast SEO plugin v27.3 - https:\/\/yoast.com\/product\/yoast-seo-wordpress\/ -->\n<title>Boucles d&#039;oreilles longues Atlas - The Camelia bijoux<\/title>\n<meta name=\"description\" content=\"Boucles d&#039;oreilles longues Atlas brod\u00e9es \u00e0 la main et dor\u00e9es \u00e0 l&#039;or fin. Elles sublimeront votre port de t\u00eate comme jamais!\" \/>\n<meta name=\"robots\" content=\"index, follow, max-snippet:-1, max-image-preview:large, max-video-preview:-1\" \/>\n<link rel=\"canonical\" href=\"https:\/\/thecamelia-bijoux.com\/en\/product\/boucles-doreilles-longues-atlas\/\" \/>\n<meta property=\"og:locale\" content=\"en_GB\" \/>\n<meta property=\"og:type\" content=\"article\" \/>\n<meta property=\"og:title\" content=\"Boucles d&#039;oreilles longues Atlas - The Camelia bijoux\" \/>\n<meta property=\"og:description\" content=\"Boucles d&#039;oreilles longues Atlas brod\u00e9es \u00e0 la main et dor\u00e9es \u00e0 l&#039;or fin. Elles sublimeront votre port de t\u00eate comme jamais!\" \/>\n<meta property=\"og:url\" content=\"https:\/\/thecamelia-bijoux.com\/en\/product\/boucles-doreilles-longues-atlas\/\" \/>\n<meta property=\"og:site_name\" content=\"The Camelia bijoux\" \/>\n<meta property=\"article:modified_time\" content=\"2026-04-10T14:11:58+00:00\" \/>\n<meta property=\"og:image\" content=\"https:\/\/thecamelia-bijoux.com\/wp-content\/uploads\/2023\/10\/Boucles-doreilles-longues-Atlas-5-couleurs-.png\" \/>\n\t<meta property=\"og:image:width\" content=\"1300\" \/>\n\t<meta property=\"og:image:height\" content=\"1300\" \/>\n\t<meta property=\"og:image:type\" content=\"image\/png\" \/>\n<meta name=\"twitter:card\" content=\"summary_large_image\" \/>\n<meta name=\"twitter:label1\" content=\"Estimated reading time\" \/>\n\t<meta name=\"twitter:data1\" content=\"2 minutes\" \/>\n<script type=\"application\/ld+json\" class=\"yoast-schema-graph\">{\"@context\":\"https:\\\/\\\/schema.org\",\"@graph\":[{\"@type\":\"WebPage\",\"@id\":\"https:\\\/\\\/thecamelia-bijoux.com\\\/produit\\\/boucles-doreilles-longues-atlas\\\/\",\"url\":\"https:\\\/\\\/thecamelia-bijoux.com\\\/produit\\\/boucles-doreilles-longues-atlas\\\/\",\"name\":\"Boucles d'oreilles longues Atlas - The Camelia bijoux\",\"isPartOf\":{\"@id\":\"https:\\\/\\\/thecamelia-bijoux.com\\\/#website\"},\"primaryImageOfPage\":{\"@id\":\"https:\\\/\\\/thecamelia-bijoux.com\\\/produit\\\/boucles-doreilles-longues-atlas\\\/#primaryimage\"},\"image\":{\"@id\":\"https:\\\/\\\/thecamelia-bijoux.com\\\/produit\\\/boucles-doreilles-longues-atlas\\\/#primaryimage\"},\"thumbnailUrl\":\"https:\\\/\\\/i0.wp.com\\\/thecamelia-bijoux.com\\\/wp-content\\\/uploads\\\/2023\\\/10\\\/Boucles-doreilles-longues-Atlas-5-couleurs-.png?fit=1300%2C1300&ssl=1\",\"datePublished\":\"2026-03-24T16:50:20+00:00\",\"dateModified\":\"2026-04-10T14:11:58+00:00\",\"description\":\"Boucles d'oreilles longues Atlas brod\u00e9es \u00e0 la main et dor\u00e9es \u00e0 l'or fin. Elles sublimeront votre port de t\u00eate comme jamais!\",\"breadcrumb\":{\"@id\":\"https:\\\/\\\/thecamelia-bijoux.com\\\/produit\\\/boucles-doreilles-longues-atlas\\\/#breadcrumb\"},\"inLanguage\":\"en-GB\",\"potentialAction\":[{\"@type\":\"ReadAction\",\"target\":[\"https:\\\/\\\/thecamelia-bijoux.com\\\/produit\\\/boucles-doreilles-longues-atlas\\\/\"]}]},{\"@type\":\"ImageObject\",\"inLanguage\":\"en-GB\",\"@id\":\"https:\\\/\\\/thecamelia-bijoux.com\\\/produit\\\/boucles-doreilles-longues-atlas\\\/#primaryimage\",\"url\":\"https:\\\/\\\/i0.wp.com\\\/thecamelia-bijoux.com\\\/wp-content\\\/uploads\\\/2023\\\/10\\\/Boucles-doreilles-longues-Atlas-5-couleurs-.png?fit=1300%2C1300&ssl=1\",\"contentUrl\":\"https:\\\/\\\/i0.wp.com\\\/thecamelia-bijoux.com\\\/wp-content\\\/uploads\\\/2023\\\/10\\\/Boucles-doreilles-longues-Atlas-5-couleurs-.png?fit=1300%2C1300&ssl=1\",\"width\":1300,\"height\":1300},{\"@type\":\"BreadcrumbList\",\"@id\":\"https:\\\/\\\/thecamelia-bijoux.com\\\/produit\\\/boucles-doreilles-longues-atlas\\\/#breadcrumb\",\"itemListElement\":[{\"@type\":\"ListItem\",\"position\":1,\"name\":\"Accueil\",\"item\":\"https:\\\/\\\/thecamelia-bijoux.com\\\/\"},{\"@type\":\"ListItem\",\"position\":2,\"name\":\"E-shop\",\"item\":\"https:\\\/\\\/thecamelia-bijoux.com\\\/eshop\\\/\"},{\"@type\":\"ListItem\",\"position\":3,\"name\":\"Boucles d&rsquo;oreilles longues Atlas\"}]},{\"@type\":\"WebSite\",\"@id\":\"https:\\\/\\\/thecamelia-bijoux.com\\\/#website\",\"url\":\"https:\\\/\\\/thecamelia-bijoux.com\\\/\",\"name\":\"The Camelia bijoux\",\"description\":\"Bijoux brod\u00e9s \u00e0 la main inspir\u00e9s du Maroc\",\"publisher\":{\"@id\":\"https:\\\/\\\/thecamelia-bijoux.com\\\/#organization\"},\"potentialAction\":[{\"@type\":\"SearchAction\",\"target\":{\"@type\":\"EntryPoint\",\"urlTemplate\":\"https:\\\/\\\/thecamelia-bijoux.com\\\/?s={search_term_string}\"},\"query-input\":{\"@type\":\"PropertyValueSpecification\",\"valueRequired\":true,\"valueName\":\"search_term_string\"}}],\"inLanguage\":\"en-GB\"},{\"@type\":\"Organization\",\"@id\":\"https:\\\/\\\/thecamelia-bijoux.com\\\/#organization\",\"name\":\"The Camelia bijoux\",\"url\":\"https:\\\/\\\/thecamelia-bijoux.com\\\/\",\"logo\":{\"@type\":\"ImageObject\",\"inLanguage\":\"en-GB\",\"@id\":\"https:\\\/\\\/thecamelia-bijoux.com\\\/#\\\/schema\\\/logo\\\/image\\\/\",\"url\":\"https:\\\/\\\/i0.wp.com\\\/thecamelia-bijoux.com\\\/wp-content\\\/uploads\\\/2019\\\/02\\\/test-logo-bleu.png?fit=227%2C108&ssl=1\",\"contentUrl\":\"https:\\\/\\\/i0.wp.com\\\/thecamelia-bijoux.com\\\/wp-content\\\/uploads\\\/2019\\\/02\\\/test-logo-bleu.png?fit=227%2C108&ssl=1\",\"width\":227,\"height\":108,\"caption\":\"The Camelia bijoux\"},\"image\":{\"@id\":\"https:\\\/\\\/thecamelia-bijoux.com\\\/#\\\/schema\\\/logo\\\/image\\\/\"}}]}<\/script>\n<!-- \/ Yoast SEO plugin. -->","yoast_head_json":{"title":"Boucles d'oreilles longues Atlas - The Camelia bijoux","description":"Boucles d'oreilles longues Atlas brod\u00e9es \u00e0 la main et dor\u00e9es \u00e0 l'or fin. Elles sublimeront votre port de t\u00eate comme jamais!","robots":{"index":"index","follow":"follow","max-snippet":"max-snippet:-1","max-image-preview":"max-image-preview:large","max-video-preview":"max-video-preview:-1"},"canonical":"https:\/\/thecamelia-bijoux.com\/en\/product\/boucles-doreilles-longues-atlas\/","og_locale":"en_GB","og_type":"article","og_title":"Boucles d'oreilles longues Atlas - The Camelia bijoux","og_description":"Boucles d'oreilles longues Atlas brod\u00e9es \u00e0 la main et dor\u00e9es \u00e0 l'or fin. Elles sublimeront votre port de t\u00eate comme jamais!","og_url":"https:\/\/thecamelia-bijoux.com\/en\/product\/boucles-doreilles-longues-atlas\/","og_site_name":"The Camelia bijoux","article_modified_time":"2026-04-10T14:11:58+00:00","og_image":[{"width":1300,"height":1300,"url":"https:\/\/thecamelia-bijoux.com\/wp-content\/uploads\/2023\/10\/Boucles-doreilles-longues-Atlas-5-couleurs-.png","type":"image\/png"}],"twitter_card":"summary_large_image","twitter_misc":{"Estimated reading time":"2 minutes"},"schema":{"@context":"https:\/\/schema.org","@graph":[{"@type":"WebPage","@id":"https:\/\/thecamelia-bijoux.com\/produit\/boucles-doreilles-longues-atlas\/","url":"https:\/\/thecamelia-bijoux.com\/produit\/boucles-doreilles-longues-atlas\/","name":"Boucles d'oreilles longues Atlas - The Camelia bijoux","isPartOf":{"@id":"https:\/\/thecamelia-bijoux.com\/#website"},"primaryImageOfPage":{"@id":"https:\/\/thecamelia-bijoux.com\/produit\/boucles-doreilles-longues-atlas\/#primaryimage"},"image":{"@id":"https:\/\/thecamelia-bijoux.com\/produit\/boucles-doreilles-longues-atlas\/#primaryimage"},"thumbnailUrl":"https:\/\/i0.wp.com\/thecamelia-bijoux.com\/wp-content\/uploads\/2023\/10\/Boucles-doreilles-longues-Atlas-5-couleurs-.png?fit=1300%2C1300&ssl=1","datePublished":"2026-03-24T16:50:20+00:00","dateModified":"2026-04-10T14:11:58+00:00","description":"Boucles d'oreilles longues Atlas brod\u00e9es \u00e0 la main et dor\u00e9es \u00e0 l'or fin. Elles sublimeront votre port de t\u00eate comme jamais!","breadcrumb":{"@id":"https:\/\/thecamelia-bijoux.com\/produit\/boucles-doreilles-longues-atlas\/#breadcrumb"},"inLanguage":"en-GB","potentialAction":[{"@type":"ReadAction","target":["https:\/\/thecamelia-bijoux.com\/produit\/boucles-doreilles-longues-atlas\/"]}]},{"@type":"ImageObject","inLanguage":"en-GB","@id":"https:\/\/thecamelia-bijoux.com\/produit\/boucles-doreilles-longues-atlas\/#primaryimage","url":"https:\/\/i0.wp.com\/thecamelia-bijoux.com\/wp-content\/uploads\/2023\/10\/Boucles-doreilles-longues-Atlas-5-couleurs-.png?fit=1300%2C1300&ssl=1","contentUrl":"https:\/\/i0.wp.com\/thecamelia-bijoux.com\/wp-content\/uploads\/2023\/10\/Boucles-doreilles-longues-Atlas-5-couleurs-.png?fit=1300%2C1300&ssl=1","width":1300,"height":1300},{"@type":"BreadcrumbList","@id":"https:\/\/thecamelia-bijoux.com\/produit\/boucles-doreilles-longues-atlas\/#breadcrumb","itemListElement":[{"@type":"ListItem","position":1,"name":"Accueil","item":"https:\/\/thecamelia-bijoux.com\/"},{"@type":"ListItem","position":2,"name":"E-shop","item":"https:\/\/thecamelia-bijoux.com\/eshop\/"},{"@type":"ListItem","position":3,"name":"Boucles d&rsquo;oreilles longues Atlas"}]},{"@type":"WebSite","@id":"https:\/\/thecamelia-bijoux.com\/#website","url":"https:\/\/thecamelia-bijoux.com\/","name":"The Camelia bijoux","description":"Bijoux brod\u00e9s \u00e0 la main inspir\u00e9s du Maroc","publisher":{"@id":"https:\/\/thecamelia-bijoux.com\/#organization"},"potentialAction":[{"@type":"SearchAction","target":{"@type":"EntryPoint","urlTemplate":"https:\/\/thecamelia-bijoux.com\/?s={search_term_string}"},"query-input":{"@type":"PropertyValueSpecification","valueRequired":true,"valueName":"search_term_string"}}],"inLanguage":"en-GB"},{"@type":"Organization","@id":"https:\/\/thecamelia-bijoux.com\/#organization","name":"The Camelia bijoux","url":"https:\/\/thecamelia-bijoux.com\/","logo":{"@type":"ImageObject","inLanguage":"en-GB","@id":"https:\/\/thecamelia-bijoux.com\/#\/schema\/logo\/image\/","url":"https:\/\/i0.wp.com\/thecamelia-bijoux.com\/wp-content\/uploads\/2019\/02\/test-logo-bleu.png?fit=227%2C108&ssl=1","contentUrl":"https:\/\/i0.wp.com\/thecamelia-bijoux.com\/wp-content\/uploads\/2019\/02\/test-logo-bleu.png?fit=227%2C108&ssl=1","width":227,"height":108,"caption":"The Camelia bijoux"},"image":{"@id":"https:\/\/thecamelia-bijoux.com\/#\/schema\/logo\/image\/"}}]}},"jetpack_sharing_enabled":true,"_links":{"self":[{"href":"https:\/\/thecamelia-bijoux.com\/en\/wp-json\/wp\/v2\/product\/12816","targetHints":{"allow":["GET"]}}],"collection":[{"href":"https:\/\/thecamelia-bijoux.com\/en\/wp-json\/wp\/v2\/product"}],"about":[{"href":"https:\/\/thecamelia-bijoux.com\/en\/wp-json\/wp\/v2\/types\/product"}],"version-history":[{"count":6,"href":"https:\/\/thecamelia-bijoux.com\/en\/wp-json\/wp\/v2\/product\/12816\/revisions"}],"predecessor-version":[{"id":13080,"href":"https:\/\/thecamelia-bijoux.com\/en\/wp-json\/wp\/v2\/product\/12816\/revisions\/13080"}],"wp:featuredmedia":[{"embeddable":true,"href":"https:\/\/thecamelia-bijoux.com\/en\/wp-json\/wp\/v2\/media\/17440"}],"wp:attachment":[{"href":"https:\/\/thecamelia-bijoux.com\/en\/wp-json\/wp\/v2\/media?parent=12816"}],"wp:term":[{"taxonomy":"product_brand","embeddable":true,"href":"https:\/\/thecamelia-bijoux.com\/en\/wp-json\/wp\/v2\/product_brand?post=12816"},{"taxonomy":"product_cat","embeddable":true,"href":"https:\/\/thecamelia-bijoux.com\/en\/wp-json\/wp\/v2\/product_cat?post=12816"},{"taxonomy":"product_tag","embeddable":true,"href":"https:\/\/thecamelia-bijoux.com\/en\/wp-json\/wp\/v2\/product_tag?post=12816"}],"curies":[{"name":"wp","href":"https:\/\/api.w.org\/{rel}","templated":true}]}}