{"id":105,"date":"2019-02-12T11:17:30","date_gmt":"2019-02-12T10:17:30","guid":{"rendered":"https:\/\/thecamelia-bijoux.com\/?page_id=105"},"modified":"2020-04-28T18:12:10","modified_gmt":"2020-04-28T16:12:10","slug":"la-creatrice","status":"publish","type":"page","link":"https:\/\/thecamelia-bijoux.com\/en\/la-creatrice\/","title":{"rendered":"The designer"},"content":{"rendered":"<div data-elementor-type=\"wp-page\" data-elementor-id=\"105\" class=\"elementor elementor-105\">\n\t\t\t\t\t\t<section class=\"elementor-section elementor-top-section elementor-element elementor-element-c2899f5 elementor-section-boxed elementor-section-height-default elementor-section-height-default\" data-id=\"c2899f5\" data-element_type=\"section\" data-e-type=\"section\">\n\t\t\t\t\t\t<div class=\"elementor-container elementor-column-gap-default\">\n\t\t\t\t\t<div class=\"elementor-column elementor-col-100 elementor-top-column elementor-element elementor-element-3245808\" data-id=\"3245808\" data-element_type=\"column\" data-e-type=\"column\">\n\t\t\t<div class=\"elementor-widget-wrap\">\n\t\t\t\t\t\t\t<\/div>\n\t\t<\/div>\n\t\t\t\t\t<\/div>\n\t\t<\/section>\n\t\t\t\t<section class=\"elementor-section elementor-top-section elementor-element elementor-element-72237cb elementor-section-boxed elementor-section-height-default elementor-section-height-default\" data-id=\"72237cb\" data-element_type=\"section\" data-e-type=\"section\">\n\t\t\t\t\t\t<div class=\"elementor-container elementor-column-gap-default\">\n\t\t\t\t\t<div class=\"elementor-column elementor-col-100 elementor-top-column elementor-element elementor-element-f7229f5\" data-id=\"f7229f5\" data-element_type=\"column\" data-e-type=\"column\">\n\t\t\t<div class=\"elementor-widget-wrap elementor-element-populated\">\n\t\t\t\t\t\t<div class=\"elementor-element elementor-element-dfec866 elementor-widget elementor-widget-spacer\" data-id=\"dfec866\" data-element_type=\"widget\" data-e-type=\"widget\" data-widget_type=\"spacer.default\">\n\t\t\t\t<div class=\"elementor-widget-container\">\n\t\t\t\t\t\t\t<div class=\"elementor-spacer\">\n\t\t\t<div class=\"elementor-spacer-inner\"><\/div>\n\t\t<\/div>\n\t\t\t\t\t\t<\/div>\n\t\t\t\t<\/div>\n\t\t\t\t<div class=\"elementor-element elementor-element-194ed33 elementor-widget elementor-widget-heading\" data-id=\"194ed33\" data-element_type=\"widget\" data-e-type=\"widget\" data-widget_type=\"heading.default\">\n\t\t\t\t<div class=\"elementor-widget-container\">\n\t\t\t\t\t<h2 class=\"elementor-heading-title elementor-size-default\">THE DESIGNER<\/h2>\t\t\t\t<\/div>\n\t\t\t\t<\/div>\n\t\t\t\t<div class=\"elementor-element elementor-element-bea866f elementor-widget elementor-widget-spacer\" data-id=\"bea866f\" data-element_type=\"widget\" data-e-type=\"widget\" data-widget_type=\"spacer.default\">\n\t\t\t\t<div class=\"elementor-widget-container\">\n\t\t\t\t\t\t\t<div class=\"elementor-spacer\">\n\t\t\t<div class=\"elementor-spacer-inner\"><\/div>\n\t\t<\/div>\n\t\t\t\t\t\t<\/div>\n\t\t\t\t<\/div>\n\t\t\t\t\t<\/div>\n\t\t<\/div>\n\t\t\t\t\t<\/div>\n\t\t<\/section>\n\t\t\t\t<section class=\"elementor-section elementor-top-section elementor-element elementor-element-6fe5246 elementor-section-boxed elementor-section-height-default elementor-section-height-default\" data-id=\"6fe5246\" data-element_type=\"section\" data-e-type=\"section\">\n\t\t\t\t\t\t<div class=\"elementor-container elementor-column-gap-default\">\n\t\t\t\t\t<div class=\"elementor-column elementor-col-50 elementor-top-column elementor-element elementor-element-e4e774d\" data-id=\"e4e774d\" data-element_type=\"column\" data-e-type=\"column\">\n\t\t\t<div class=\"elementor-widget-wrap elementor-element-populated\">\n\t\t\t\t\t\t<div class=\"elementor-element elementor-element-9ee7908 elementor-invisible elementor-widget elementor-widget-text-editor\" data-id=\"9ee7908\" data-element_type=\"widget\" data-e-type=\"widget\" data-settings=\"{&quot;_animation&quot;:&quot;fadeIn&quot;}\" data-widget_type=\"text-editor.default\">\n\t\t\t\t<div class=\"elementor-widget-container\">\n\t\t\t\t\t\t\t\t\t<p class=\"translation-block\">Behind The Camelia bijoux hides Lucie Fossemalle, <b>a french designer with an atypical background<\/b>.<\/p><p class=\"translation-block\">Creation has always been a part of my life. Like all children, I loved to draw, cut, glue etc.  As soon as I was old enough to make more accomplished creations, I turned to <b> jewelry design<\/b>. At 10 years old, I was already selling my first gourmet jewellery on my Skyblog <i>(You might not know it but it was a very popular blogging plateform for teenagers in France)<\/i>. Over the years, I have been able to explore a multitude of different techniques and evolve my style.<\/p><p class=\"translation-block\">In parallel with my studies in political science in Lyon, I continued to create through the realization of creative tutorials on <a style=\"font-size: 15px\" href=\"https:\/\/thecamelia.com\/\" target=\"_blank\" rel=\"noopener\"><u><b>my blog<\/b><\/u><\/a> and <a style=\"font-size: 15px\" href=\"https:\/\/thecamelia.com\/mes-livres-diy\" target=\"_blank\" rel=\"noopener\"><u><b>my books<\/b><\/u><\/a>. At the end of my five years of study, I decided to pursue my dream and officially launch my jewelry brand.<\/p><p>The click finally happened during my <b><span style=\"font-size: 15px; font-style: normal;\">internship at\u00a0<\/span><a style=\"font-size: 15px; font-style: normal; background-color: #ffe5d7;\" href=\"https:\/\/thecamelia.com\/2018\/07\/lecole-de-broderie-de-sale.html\" target=\"_blank\" rel=\"noopener\"><u>the Embroidery School of Sal\u00e9<\/u><\/a><span style=\"font-size: 15px; font-style: normal;\">, in Morocco.<\/span><\/b><span style=\"font-weight: 400; font-size: 15px; font-style: normal;\">It is an association that trains young people from disadvantaged backgrounds to professions related to the embroidery arts. The association also aims to preserve this Moroccan know-how which is gradually disappearing. This association was founded by <\/span><span style=\"font-size: 15px; font-style: normal;\"><b>Fadila el Gadi<\/b><\/span><span style=\"font-weight: 400; font-size: 15px; font-style: normal;\"> a renowned Moroccan designer. For six months, I was in charge of managing the association. So I had the chance to sit around wonderful embroideries every day all  for six months.\u00a0<\/span><\/p><p class=\"translation-block\"><span style=\"font-weight: 400;font-size: 15px;font-style: normal\"> The embroidery that immediately caught my attention is the <\/span> <span style=\"font-size: 15px;font-style: normal\"> <b> Fez embroidery <\/b> <\/span> <span style=\"font-weight: 400;font-size: 15px;font-style: normal\"> with its geometric patterns are exacty the same on both sides (<\/span> <a style=\"font-weight: 400;font-size: 15px;font-style: normal;background-color: # ffe5d7\"> <u> See \"Creation\" for more information <\/u> <\/a> <span style=\"font-size: 15px;font-style: normal\">). I immediately thought about using this embroidery for jewelry making. After months of learning, it was decided, I was going to launch my embroidered jewelry brand! <\/span><\/p><p><b><b>This is how The Camelia bijoux was born! <\/b>(And \"bijoux\" means \"jewelry\" if you were wondering ;))<\/b><\/p>\t\t\t\t\t\t\t\t<\/div>\n\t\t\t\t<\/div>\n\t\t\t\t\t<\/div>\n\t\t<\/div>\n\t\t\t\t<div class=\"elementor-column elementor-col-50 elementor-top-column elementor-element elementor-element-387d596\" data-id=\"387d596\" data-element_type=\"column\" data-e-type=\"column\">\n\t\t\t<div class=\"elementor-widget-wrap elementor-element-populated\">\n\t\t\t\t\t\t<div class=\"elementor-element elementor-element-7c5995b elementor-widget elementor-widget-image\" data-id=\"7c5995b\" data-element_type=\"widget\" data-e-type=\"widget\" data-widget_type=\"image.default\">\n\t\t\t\t<div class=\"elementor-widget-container\">\n\t\t\t\t\t\t\t\t\t\t\t\t\t\t\t<img fetchpriority=\"high\" decoding=\"async\" data-attachment-id=\"5767\" data-permalink=\"https:\/\/thecamelia-bijoux.com\/en\/la-creatrice\/processed-with-vsco-with-v8-preset\/\" data-orig-file=\"https:\/\/i0.wp.com\/thecamelia-bijoux.com\/wp-content\/uploads\/2020\/04\/image00002-scaled.jpeg?fit=1707%2C2560&amp;ssl=1\" data-orig-size=\"1707,2560\" data-comments-opened=\"1\" data-image-meta=\"{&quot;aperture&quot;:&quot;4&quot;,&quot;credit&quot;:&quot;&quot;,&quot;camera&quot;:&quot;Canon EOS 5D Mark II&quot;,&quot;caption&quot;:&quot;Processed with VSCO with v8 preset&quot;,&quot;created_timestamp&quot;:&quot;1586429738&quot;,&quot;copyright&quot;:&quot;Copyright 2020. All rights reserved.&quot;,&quot;focal_length&quot;:&quot;45&quot;,&quot;iso&quot;:&quot;800&quot;,&quot;shutter_speed&quot;:&quot;0.011111111111111&quot;,&quot;title&quot;:&quot;Processed with VSCO with v8 preset&quot;,&quot;orientation&quot;:&quot;1&quot;}\" data-image-title=\"Lucie Fossemalle The Camelia bijoux\" data-image-description=\"\" data-image-caption=\"\" data-large-file=\"https:\/\/i0.wp.com\/thecamelia-bijoux.com\/wp-content\/uploads\/2020\/04\/image00002-scaled.jpeg?fit=683%2C1024&amp;ssl=1\" width=\"683\" height=\"1024\" src=\"https:\/\/i0.wp.com\/thecamelia-bijoux.com\/wp-content\/uploads\/2020\/04\/image00002-scaled.jpeg?fit=683%2C1024&amp;ssl=1\" class=\"attachment-large size-large wp-image-5767\" alt=\"Lucie Fossemalle The Camelia bijoux\" srcset=\"https:\/\/i0.wp.com\/thecamelia-bijoux.com\/wp-content\/uploads\/2020\/04\/image00002-scaled.jpeg?w=1707&amp;ssl=1 1707w, https:\/\/i0.wp.com\/thecamelia-bijoux.com\/wp-content\/uploads\/2020\/04\/image00002-scaled.jpeg?resize=200%2C300&amp;ssl=1 200w, https:\/\/i0.wp.com\/thecamelia-bijoux.com\/wp-content\/uploads\/2020\/04\/image00002-scaled.jpeg?resize=683%2C1024&amp;ssl=1 683w, https:\/\/i0.wp.com\/thecamelia-bijoux.com\/wp-content\/uploads\/2020\/04\/image00002-scaled.jpeg?resize=768%2C1152&amp;ssl=1 768w, https:\/\/i0.wp.com\/thecamelia-bijoux.com\/wp-content\/uploads\/2020\/04\/image00002-scaled.jpeg?resize=1024%2C1536&amp;ssl=1 1024w, https:\/\/i0.wp.com\/thecamelia-bijoux.com\/wp-content\/uploads\/2020\/04\/image00002-scaled.jpeg?resize=1365%2C2048&amp;ssl=1 1365w, https:\/\/i0.wp.com\/thecamelia-bijoux.com\/wp-content\/uploads\/2020\/04\/image00002-scaled.jpeg?resize=600%2C900&amp;ssl=1 600w\" sizes=\"(max-width: 683px) 100vw, 683px\" \/>\t\t\t\t\t\t\t\t\t\t\t\t\t\t\t<\/div>\n\t\t\t\t<\/div>\n\t\t\t\t\t<\/div>\n\t\t<\/div>\n\t\t\t\t\t<\/div>\n\t\t<\/section>\n\t\t\t\t<section class=\"elementor-section elementor-top-section elementor-element elementor-element-a00b9ff elementor-section-boxed elementor-section-height-default elementor-section-height-default\" data-id=\"a00b9ff\" data-element_type=\"section\" data-e-type=\"section\">\n\t\t\t\t\t\t<div class=\"elementor-container elementor-column-gap-default\">\n\t\t\t\t\t<div class=\"elementor-column elementor-col-100 elementor-top-column elementor-element elementor-element-0000931\" data-id=\"0000931\" data-element_type=\"column\" data-e-type=\"column\">\n\t\t\t<div class=\"elementor-widget-wrap elementor-element-populated\">\n\t\t\t\t\t\t<div class=\"elementor-element elementor-element-236fcb0 elementor-align-center elementor-invisible elementor-widget elementor-widget-button\" data-id=\"236fcb0\" data-element_type=\"widget\" data-e-type=\"widget\" data-settings=\"{&quot;_animation&quot;:&quot;bounceIn&quot;}\" data-widget_type=\"button.default\">\n\t\t\t\t<div class=\"elementor-widget-container\">\n\t\t\t\t\t\t\t\t\t<div class=\"elementor-button-wrapper\">\n\t\t\t\t\t<a class=\"elementor-button elementor-button-link elementor-size-lg\" href=\"https:\/\/thecamelia-bijoux.com\/en\/eshop\/\">\n\t\t\t\t\t\t<span class=\"elementor-button-content-wrapper\">\n\t\t\t\t\t\t\t\t\t<span class=\"elementor-button-text\">Discover the jewels<\/span>\n\t\t\t\t\t<\/span>\n\t\t\t\t\t<\/a>\n\t\t\t\t<\/div>\n\t\t\t\t\t\t\t\t<\/div>\n\t\t\t\t<\/div>\n\t\t\t\t\t<\/div>\n\t\t<\/div>\n\t\t\t\t\t<\/div>\n\t\t<\/section>\n\t\t\t\t<section class=\"elementor-section elementor-top-section elementor-element elementor-element-9c5cc96 elementor-section-boxed elementor-section-height-default elementor-section-height-default\" data-id=\"9c5cc96\" data-element_type=\"section\" data-e-type=\"section\">\n\t\t\t\t\t\t<div class=\"elementor-container elementor-column-gap-default\">\n\t\t\t\t\t<div class=\"elementor-column elementor-col-100 elementor-top-column elementor-element elementor-element-3017bbf\" data-id=\"3017bbf\" data-element_type=\"column\" data-e-type=\"column\">\n\t\t\t<div class=\"elementor-widget-wrap elementor-element-populated\">\n\t\t\t\t\t\t<div class=\"elementor-element elementor-element-6c1e6f8 elementor-widget elementor-widget-spacer\" data-id=\"6c1e6f8\" data-element_type=\"widget\" data-e-type=\"widget\" data-widget_type=\"spacer.default\">\n\t\t\t\t<div class=\"elementor-widget-container\">\n\t\t\t\t\t\t\t<div class=\"elementor-spacer\">\n\t\t\t<div class=\"elementor-spacer-inner\"><\/div>\n\t\t<\/div>\n\t\t\t\t\t\t<\/div>\n\t\t\t\t<\/div>\n\t\t\t\t\t<\/div>\n\t\t<\/div>\n\t\t\t\t\t<\/div>\n\t\t<\/section>\n\t\t\t\t<\/div>","protected":false},"excerpt":{"rendered":"<p>LA CR\u00c9ATRICE Derri\u00e8re The Camelia bijoux se cache Lucie Fossemalle, une cr\u00e9atrice au parcours atypique. La cr\u00e9ation a toujours fait partie de ma vie. Comme tous les enfants, j&rsquo;adorais\u00a0dessiner, d\u00e9couper, assembler, coller etc. D\u00e8s que j\u2019ai \u00e9t\u00e9 en \u00e2ge de faire des cr\u00e9ations plus abouties,\u00a0je me suis tourn\u00e9e vers la cr\u00e9ation de bijoux.\u00a0A 10 ans, [&hellip;]<\/p>\n","protected":false},"author":1,"featured_media":0,"parent":0,"menu_order":0,"comment_status":"closed","ping_status":"closed","template":"","meta":{"site-sidebar-layout":"no-sidebar","site-content-layout":"page-builder","ast-site-content-layout":"default","site-content-style":"default","site-sidebar-style":"default","ast-global-header-display":"","ast-banner-title-visibility":"","ast-main-header-display":"","ast-hfb-above-header-display":"","ast-hfb-below-header-display":"","ast-hfb-mobile-header-display":"","site-post-title":"disabled","ast-breadcrumbs-content":"","ast-featured-img":"disabled","footer-sml-layout":"","ast-disable-related-posts":"","theme-transparent-header-meta":"default","adv-header-id-meta":"","stick-header-meta":"","header-above-stick-meta":"","header-main-stick-meta":"","header-below-stick-meta":"","astra-migrate-meta-layouts":"default","ast-page-background-enabled":"default","ast-page-background-meta":{"desktop":{"background-color":"","background-image":"","background-repeat":"repeat","background-position":"center center","background-size":"auto","background-attachment":"scroll","background-type":"","background-media":"","overlay-type":"","overlay-color":"","overlay-opacity":"","overlay-gradient":""},"tablet":{"background-color":"","background-image":"","background-repeat":"repeat","background-position":"center center","background-size":"auto","background-attachment":"scroll","background-type":"","background-media":"","overlay-type":"","overlay-color":"","overlay-opacity":"","overlay-gradient":""},"mobile":{"background-color":"","background-image":"","background-repeat":"repeat","background-position":"center center","background-size":"auto","background-attachment":"scroll","background-type":"","background-media":"","overlay-type":"","overlay-color":"","overlay-opacity":"","overlay-gradient":""}},"ast-content-background-meta":{"desktop":{"background-color":"var(--ast-global-color-5)","background-image":"","background-repeat":"repeat","background-position":"center center","background-size":"auto","background-attachment":"scroll","background-type":"","background-media":"","overlay-type":"","overlay-color":"","overlay-opacity":"","overlay-gradient":""},"tablet":{"background-color":"var(--ast-global-color-5)","background-image":"","background-repeat":"repeat","background-position":"center center","background-size":"auto","background-attachment":"scroll","background-type":"","background-media":"","overlay-type":"","overlay-color":"","overlay-opacity":"","overlay-gradient":""},"mobile":{"background-color":"var(--ast-global-color-5)","background-image":"","background-repeat":"repeat","background-position":"center center","background-size":"auto","background-attachment":"scroll","background-type":"","background-media":"","overlay-type":"","overlay-color":"","overlay-opacity":"","overlay-gradient":""}},"jetpack_post_was_ever_published":false,"footnotes":""},"class_list":["post-105","page","type-page","status-publish","hentry"],"yoast_head":"<!-- This site is optimized with the Yoast SEO plugin v27.3 - https:\/\/yoast.com\/product\/yoast-seo-wordpress\/ -->\n<title>La cr\u00e9atrice - The Camelia bijoux<\/title>\n<meta name=\"description\" content=\"D\u00e9couvrez le parcours de Lucie Fossemalle, la fondatrice et cr\u00e9atrice de The Camelia bijoux, de ses premi\u00e8res cr\u00e9ations au lancement de sa marque.\" \/>\n<meta name=\"robots\" content=\"index, follow, max-snippet:-1, max-image-preview:large, max-video-preview:-1\" \/>\n<link rel=\"canonical\" href=\"https:\/\/thecamelia-bijoux.com\/en\/la-creatrice\/\" \/>\n<meta property=\"og:locale\" content=\"en_GB\" \/>\n<meta property=\"og:type\" content=\"article\" \/>\n<meta property=\"og:title\" content=\"La cr\u00e9atrice - The Camelia bijoux\" \/>\n<meta property=\"og:description\" content=\"D\u00e9couvrez le parcours de Lucie Fossemalle, la fondatrice et cr\u00e9atrice de The Camelia bijoux, de ses premi\u00e8res cr\u00e9ations au lancement de sa marque.\" \/>\n<meta property=\"og:url\" content=\"https:\/\/thecamelia-bijoux.com\/en\/la-creatrice\/\" \/>\n<meta property=\"og:site_name\" content=\"The Camelia bijoux\" \/>\n<meta property=\"article:modified_time\" content=\"2020-04-28T16:12:10+00:00\" \/>\n<meta property=\"og:image\" content=\"https:\/\/thecamelia-bijoux.com\/wp-content\/uploads\/2020\/04\/image00002-683x1024.jpeg\" \/>\n<meta name=\"twitter:card\" content=\"summary_large_image\" \/>\n<meta name=\"twitter:label1\" content=\"Estimated reading time\" \/>\n\t<meta name=\"twitter:data1\" content=\"2 minutes\" \/>\n<script type=\"application\/ld+json\" class=\"yoast-schema-graph\">{\"@context\":\"https:\\\/\\\/schema.org\",\"@graph\":[{\"@type\":\"WebPage\",\"@id\":\"https:\\\/\\\/thecamelia-bijoux.com\\\/la-creatrice\\\/\",\"url\":\"https:\\\/\\\/thecamelia-bijoux.com\\\/la-creatrice\\\/\",\"name\":\"La cr\u00e9atrice - The Camelia bijoux\",\"isPartOf\":{\"@id\":\"https:\\\/\\\/thecamelia-bijoux.com\\\/#website\"},\"primaryImageOfPage\":{\"@id\":\"https:\\\/\\\/thecamelia-bijoux.com\\\/la-creatrice\\\/#primaryimage\"},\"image\":{\"@id\":\"https:\\\/\\\/thecamelia-bijoux.com\\\/la-creatrice\\\/#primaryimage\"},\"thumbnailUrl\":\"https:\\\/\\\/thecamelia-bijoux.com\\\/wp-content\\\/uploads\\\/2020\\\/04\\\/image00002-683x1024.jpeg\",\"datePublished\":\"2019-02-12T10:17:30+00:00\",\"dateModified\":\"2020-04-28T16:12:10+00:00\",\"description\":\"D\u00e9couvrez le parcours de Lucie Fossemalle, la fondatrice et cr\u00e9atrice de The Camelia bijoux, de ses premi\u00e8res cr\u00e9ations au lancement de sa marque.\",\"breadcrumb\":{\"@id\":\"https:\\\/\\\/thecamelia-bijoux.com\\\/la-creatrice\\\/#breadcrumb\"},\"inLanguage\":\"en-GB\",\"potentialAction\":[{\"@type\":\"ReadAction\",\"target\":[\"https:\\\/\\\/thecamelia-bijoux.com\\\/la-creatrice\\\/\"]}]},{\"@type\":\"ImageObject\",\"inLanguage\":\"en-GB\",\"@id\":\"https:\\\/\\\/thecamelia-bijoux.com\\\/la-creatrice\\\/#primaryimage\",\"url\":\"https:\\\/\\\/thecamelia-bijoux.com\\\/wp-content\\\/uploads\\\/2020\\\/04\\\/image00002-683x1024.jpeg\",\"contentUrl\":\"https:\\\/\\\/thecamelia-bijoux.com\\\/wp-content\\\/uploads\\\/2020\\\/04\\\/image00002-683x1024.jpeg\"},{\"@type\":\"BreadcrumbList\",\"@id\":\"https:\\\/\\\/thecamelia-bijoux.com\\\/la-creatrice\\\/#breadcrumb\",\"itemListElement\":[{\"@type\":\"ListItem\",\"position\":1,\"name\":\"Accueil\",\"item\":\"https:\\\/\\\/thecamelia-bijoux.com\\\/\"},{\"@type\":\"ListItem\",\"position\":2,\"name\":\"La cr\u00e9atrice\"}]},{\"@type\":\"WebSite\",\"@id\":\"https:\\\/\\\/thecamelia-bijoux.com\\\/#website\",\"url\":\"https:\\\/\\\/thecamelia-bijoux.com\\\/\",\"name\":\"The Camelia bijoux\",\"description\":\"Bijoux brod\u00e9s \u00e0 la main inspir\u00e9s du Maroc\",\"publisher\":{\"@id\":\"https:\\\/\\\/thecamelia-bijoux.com\\\/#organization\"},\"potentialAction\":[{\"@type\":\"SearchAction\",\"target\":{\"@type\":\"EntryPoint\",\"urlTemplate\":\"https:\\\/\\\/thecamelia-bijoux.com\\\/?s={search_term_string}\"},\"query-input\":{\"@type\":\"PropertyValueSpecification\",\"valueRequired\":true,\"valueName\":\"search_term_string\"}}],\"inLanguage\":\"en-GB\"},{\"@type\":\"Organization\",\"@id\":\"https:\\\/\\\/thecamelia-bijoux.com\\\/#organization\",\"name\":\"The Camelia bijoux\",\"url\":\"https:\\\/\\\/thecamelia-bijoux.com\\\/\",\"logo\":{\"@type\":\"ImageObject\",\"inLanguage\":\"en-GB\",\"@id\":\"https:\\\/\\\/thecamelia-bijoux.com\\\/#\\\/schema\\\/logo\\\/image\\\/\",\"url\":\"https:\\\/\\\/i0.wp.com\\\/thecamelia-bijoux.com\\\/wp-content\\\/uploads\\\/2019\\\/02\\\/test-logo-bleu.png?fit=227%2C108&ssl=1\",\"contentUrl\":\"https:\\\/\\\/i0.wp.com\\\/thecamelia-bijoux.com\\\/wp-content\\\/uploads\\\/2019\\\/02\\\/test-logo-bleu.png?fit=227%2C108&ssl=1\",\"width\":227,\"height\":108,\"caption\":\"The Camelia bijoux\"},\"image\":{\"@id\":\"https:\\\/\\\/thecamelia-bijoux.com\\\/#\\\/schema\\\/logo\\\/image\\\/\"}}]}<\/script>\n<!-- \/ Yoast SEO plugin. -->","yoast_head_json":{"title":"La cr\u00e9atrice - The Camelia bijoux","description":"D\u00e9couvrez le parcours de Lucie Fossemalle, la fondatrice et cr\u00e9atrice de The Camelia bijoux, de ses premi\u00e8res cr\u00e9ations au lancement de sa marque.","robots":{"index":"index","follow":"follow","max-snippet":"max-snippet:-1","max-image-preview":"max-image-preview:large","max-video-preview":"max-video-preview:-1"},"canonical":"https:\/\/thecamelia-bijoux.com\/en\/la-creatrice\/","og_locale":"en_GB","og_type":"article","og_title":"La cr\u00e9atrice - The Camelia bijoux","og_description":"D\u00e9couvrez le parcours de Lucie Fossemalle, la fondatrice et cr\u00e9atrice de The Camelia bijoux, de ses premi\u00e8res cr\u00e9ations au lancement de sa marque.","og_url":"https:\/\/thecamelia-bijoux.com\/en\/la-creatrice\/","og_site_name":"The Camelia bijoux","article_modified_time":"2020-04-28T16:12:10+00:00","og_image":[{"url":"https:\/\/thecamelia-bijoux.com\/wp-content\/uploads\/2020\/04\/image00002-683x1024.jpeg","type":"","width":"","height":""}],"twitter_card":"summary_large_image","twitter_misc":{"Estimated reading time":"2 minutes"},"schema":{"@context":"https:\/\/schema.org","@graph":[{"@type":"WebPage","@id":"https:\/\/thecamelia-bijoux.com\/la-creatrice\/","url":"https:\/\/thecamelia-bijoux.com\/la-creatrice\/","name":"La cr\u00e9atrice - The Camelia bijoux","isPartOf":{"@id":"https:\/\/thecamelia-bijoux.com\/#website"},"primaryImageOfPage":{"@id":"https:\/\/thecamelia-bijoux.com\/la-creatrice\/#primaryimage"},"image":{"@id":"https:\/\/thecamelia-bijoux.com\/la-creatrice\/#primaryimage"},"thumbnailUrl":"https:\/\/thecamelia-bijoux.com\/wp-content\/uploads\/2020\/04\/image00002-683x1024.jpeg","datePublished":"2019-02-12T10:17:30+00:00","dateModified":"2020-04-28T16:12:10+00:00","description":"D\u00e9couvrez le parcours de Lucie Fossemalle, la fondatrice et cr\u00e9atrice de The Camelia bijoux, de ses premi\u00e8res cr\u00e9ations au lancement de sa marque.","breadcrumb":{"@id":"https:\/\/thecamelia-bijoux.com\/la-creatrice\/#breadcrumb"},"inLanguage":"en-GB","potentialAction":[{"@type":"ReadAction","target":["https:\/\/thecamelia-bijoux.com\/la-creatrice\/"]}]},{"@type":"ImageObject","inLanguage":"en-GB","@id":"https:\/\/thecamelia-bijoux.com\/la-creatrice\/#primaryimage","url":"https:\/\/thecamelia-bijoux.com\/wp-content\/uploads\/2020\/04\/image00002-683x1024.jpeg","contentUrl":"https:\/\/thecamelia-bijoux.com\/wp-content\/uploads\/2020\/04\/image00002-683x1024.jpeg"},{"@type":"BreadcrumbList","@id":"https:\/\/thecamelia-bijoux.com\/la-creatrice\/#breadcrumb","itemListElement":[{"@type":"ListItem","position":1,"name":"Accueil","item":"https:\/\/thecamelia-bijoux.com\/"},{"@type":"ListItem","position":2,"name":"La cr\u00e9atrice"}]},{"@type":"WebSite","@id":"https:\/\/thecamelia-bijoux.com\/#website","url":"https:\/\/thecamelia-bijoux.com\/","name":"The Camelia bijoux","description":"Bijoux brod\u00e9s \u00e0 la main inspir\u00e9s du Maroc","publisher":{"@id":"https:\/\/thecamelia-bijoux.com\/#organization"},"potentialAction":[{"@type":"SearchAction","target":{"@type":"EntryPoint","urlTemplate":"https:\/\/thecamelia-bijoux.com\/?s={search_term_string}"},"query-input":{"@type":"PropertyValueSpecification","valueRequired":true,"valueName":"search_term_string"}}],"inLanguage":"en-GB"},{"@type":"Organization","@id":"https:\/\/thecamelia-bijoux.com\/#organization","name":"The Camelia bijoux","url":"https:\/\/thecamelia-bijoux.com\/","logo":{"@type":"ImageObject","inLanguage":"en-GB","@id":"https:\/\/thecamelia-bijoux.com\/#\/schema\/logo\/image\/","url":"https:\/\/i0.wp.com\/thecamelia-bijoux.com\/wp-content\/uploads\/2019\/02\/test-logo-bleu.png?fit=227%2C108&ssl=1","contentUrl":"https:\/\/i0.wp.com\/thecamelia-bijoux.com\/wp-content\/uploads\/2019\/02\/test-logo-bleu.png?fit=227%2C108&ssl=1","width":227,"height":108,"caption":"The Camelia bijoux"},"image":{"@id":"https:\/\/thecamelia-bijoux.com\/#\/schema\/logo\/image\/"}}]}},"jetpack_shortlink":"https:\/\/wp.me\/PaHNvJ-1H","jetpack_sharing_enabled":true,"_links":{"self":[{"href":"https:\/\/thecamelia-bijoux.com\/en\/wp-json\/wp\/v2\/pages\/105","targetHints":{"allow":["GET"]}}],"collection":[{"href":"https:\/\/thecamelia-bijoux.com\/en\/wp-json\/wp\/v2\/pages"}],"about":[{"href":"https:\/\/thecamelia-bijoux.com\/en\/wp-json\/wp\/v2\/types\/page"}],"author":[{"embeddable":true,"href":"https:\/\/thecamelia-bijoux.com\/en\/wp-json\/wp\/v2\/users\/1"}],"replies":[{"embeddable":true,"href":"https:\/\/thecamelia-bijoux.com\/en\/wp-json\/wp\/v2\/comments?post=105"}],"version-history":[{"count":34,"href":"https:\/\/thecamelia-bijoux.com\/en\/wp-json\/wp\/v2\/pages\/105\/revisions"}],"predecessor-version":[{"id":5768,"href":"https:\/\/thecamelia-bijoux.com\/en\/wp-json\/wp\/v2\/pages\/105\/revisions\/5768"}],"wp:attachment":[{"href":"https:\/\/thecamelia-bijoux.com\/en\/wp-json\/wp\/v2\/media?parent=105"}],"curies":[{"name":"wp","href":"https:\/\/api.w.org\/{rel}","templated":true}]}}